{"id":30559,"date":"2023-01-27T00:35:00","date_gmt":"2023-01-27T00:35:00","guid":{"rendered":"https:\/\/photographer.lu\/?post_type=product&#038;p=30559"},"modified":"2023-09-28T12:51:30","modified_gmt":"2023-09-28T12:51:30","slug":"sunny-luxembourg-city-old-town","status":"publish","type":"product","link":"https:\/\/photographer.lu\/fr\/photo\/sunny-luxembourg-city-old-town\/","title":{"rendered":"Vieille ville de Luxembourg ensoleill\u00e9e"},"content":{"rendered":"<p>Photo <span style=\"color: #008000;\">commerciale<\/span> de la vieille ville de Luxembourg pendant une journ\u00e9e ensoleill\u00e9e. L&rsquo;\u00e9glise Saint-Michel, la cath\u00e9drale Notre-Dame et la tour de la banque Spuerkeess sont visibles sur l&rsquo;image.<\/p>\n<p>Cette image est disponible sous licence en t\u00e9l\u00e9chargement num\u00e9rique.<\/p>\n<p>Des tirages limit\u00e9s et des tirages libres sont disponibles.<\/p>\n","protected":false},"excerpt":{"rendered":"<p>Vieille ville de Luxembourg pendant une journ\u00e9e ensoleill\u00e9e<\/p>\n","protected":false},"featured_media":30586,"comment_status":"closed","ping_status":"closed","template":"","meta":{"pgc_sgb_lightbox_settings":""},"product_brand":[],"product_cat":[703],"product_tag":[739,740,731,718,714,705,715,736,742,743,732,733,717,744,737,713,711,734,735,729,738,730,741,712],"class_list":{"0":"post-30559","1":"product","2":"type-product","3":"status-publish","4":"has-post-thumbnail","6":"product_cat-luxembourg-images-fr","7":"product_tag-capital-fr","8":"product_tag-cathedrale","9":"product_tag-eglises","10":"product_tag-iconique","11":"product_tag-images-du-luxembourg","12":"product_tag-imprime","13":"product_tag-letzebuerg-fr","14":"product_tag-ligne-dhorizon","15":"product_tag-luxembourg-fr","16":"product_tag-notre-dame-fr","17":"product_tag-paysage-urbain","18":"product_tag-paysages-urbains","19":"product_tag-photoen","20":"product_tag-photographe-luxembourg","21":"product_tag-photographie-du-luxembourg","22":"product_tag-photos-du-luxembourg","23":"product_tag-points-de-repere","24":"product_tag-saint-michel-fr","25":"product_tag-saint-michel-fr-2","26":"product_tag-spuerkeess-fr","27":"product_tag-st-michael-fr","28":"product_tag-vieille-ville","29":"product_tag-ville","30":"product_tag-ville-de-luxembourg","31":"product_shipping_class-imprimes","33":"first","34":"instock","35":"taxable","36":"shipping-taxable","37":"purchasable","38":"product-type-variable"},"featured_image_urls_v2":{"full":["https:\/\/photographer.lu\/wp-content\/uploads\/2023\/01\/8396_preview_VIO_9775-Luxembourg-city-old-town-sunny.webp",1200,800,false],"thumbnail":["https:\/\/photographer.lu\/wp-content\/uploads\/2023\/01\/8396_preview_VIO_9775-Luxembourg-city-old-town-sunny.webp",550,367,false],"medium":["https:\/\/photographer.lu\/wp-content\/uploads\/2023\/01\/8396_preview_VIO_9775-Luxembourg-city-old-town-sunny.webp",300,200,false],"medium_large":["https:\/\/photographer.lu\/wp-content\/uploads\/2023\/01\/8396_preview_VIO_9775-Luxembourg-city-old-town-sunny.webp",768,512,false],"large":["https:\/\/photographer.lu\/wp-content\/uploads\/2023\/01\/8396_preview_VIO_9775-Luxembourg-city-old-town-sunny.webp",1200,800,false],"1536x1536":["https:\/\/photographer.lu\/wp-content\/uploads\/2023\/01\/8396_preview_VIO_9775-Luxembourg-city-old-town-sunny.webp",1200,800,false],"2048x2048":["https:\/\/photographer.lu\/wp-content\/uploads\/2023\/01\/8396_preview_VIO_9775-Luxembourg-city-old-town-sunny.webp",1200,800,false],"woocommerce_archive_thumbnail":["https:\/\/photographer.lu\/wp-content\/uploads\/2023\/01\/8396_preview_VIO_9775-Luxembourg-city-old-town-sunny-600x400.webp",600,400,true],"mailpoet_newsletter_max":["https:\/\/photographer.lu\/wp-content\/uploads\/2023\/01\/8396_preview_VIO_9775-Luxembourg-city-old-town-sunny.webp",1200,800,false],"woocommerce_thumbnail":["https:\/\/photographer.lu\/wp-content\/uploads\/2023\/01\/8396_preview_VIO_9775-Luxembourg-city-old-town-sunny-600x400.webp",600,400,true],"woocommerce_single":["https:\/\/photographer.lu\/wp-content\/uploads\/2023\/01\/8396_preview_VIO_9775-Luxembourg-city-old-town-sunny.webp",1200,800,false],"woocommerce_gallery_thumbnail":["https:\/\/photographer.lu\/wp-content\/uploads\/2023\/01\/8396_preview_VIO_9775-Luxembourg-city-old-town-sunny-120x120.webp",120,120,true],"jetpack-portfolio-admin-thumb":["https:\/\/photographer.lu\/wp-content\/uploads\/2023\/01\/8396_preview_VIO_9775-Luxembourg-city-old-town-sunny.webp",50,33,false]},"post_excerpt_stackable_v2":"<p>Vieille ville de Luxembourg pendant une journ\u00e9e ensoleill\u00e9e<\/p>\n","category_list_v2":"","author_info_v2":{"name":"","url":""},"comments_num_v2":"0 commentaire","acf":[],"jetpack_sharing_enabled":true,"_links":{"self":[{"href":"https:\/\/photographer.lu\/fr\/wp-json\/wp\/v2\/product\/30559","targetHints":{"allow":["GET"]}}],"collection":[{"href":"https:\/\/photographer.lu\/fr\/wp-json\/wp\/v2\/product"}],"about":[{"href":"https:\/\/photographer.lu\/fr\/wp-json\/wp\/v2\/types\/product"}],"replies":[{"embeddable":true,"href":"https:\/\/photographer.lu\/fr\/wp-json\/wp\/v2\/comments?post=30559"}],"wp:featuredmedia":[{"embeddable":true,"href":"https:\/\/photographer.lu\/fr\/wp-json\/wp\/v2\/media\/30586"}],"wp:attachment":[{"href":"https:\/\/photographer.lu\/fr\/wp-json\/wp\/v2\/media?parent=30559"}],"wp:term":[{"taxonomy":"product_brand","embeddable":true,"href":"https:\/\/photographer.lu\/fr\/wp-json\/wp\/v2\/product_brand?post=30559"},{"taxonomy":"product_cat","embeddable":true,"href":"https:\/\/photographer.lu\/fr\/wp-json\/wp\/v2\/product_cat?post=30559"},{"taxonomy":"product_tag","embeddable":true,"href":"https:\/\/photographer.lu\/fr\/wp-json\/wp\/v2\/product_tag?post=30559"}],"curies":[{"name":"wp","href":"https:\/\/api.w.org\/{rel}","templated":true}]}}