{"id":31041,"date":"2023-01-27T11:52:55","date_gmt":"2023-01-27T11:52:55","guid":{"rendered":"https:\/\/photographer.lu\/?post_type=product&#038;p=31041"},"modified":"2023-09-27T23:21:31","modified_gmt":"2023-09-27T23:21:31","slug":"printemps-belair-luxembourg-ville","status":"publish","type":"product","link":"https:\/\/photographer.lu\/fr\/photo\/printemps-belair-luxembourg-ville\/","title":{"rendered":"Printemps \u00e0 Belair Luxembourg ville"},"content":{"rendered":"<p>Image de stock <span style=\"color: #008000;\">commerciale<\/span> d&rsquo;un arbre en fleurs au printemps dans le quartier de Belair \u00e0 Luxembourg avec l&rsquo;\u00e9glise St Pius X.<\/p>\n<p>Cette image est disponible sous licence en t\u00e9l\u00e9chargement num\u00e9rique.<\/p>\n<p>Des tirages limit\u00e9s et des tirages libres sont disponibles.<\/p>\n","protected":false},"excerpt":{"rendered":"<p>Arbre en fleurs au printemps dans le quartier de Belair au Luxembourg<\/p>\n","protected":false},"featured_media":29967,"comment_status":"closed","ping_status":"closed","template":"","meta":{"pgc_sgb_lightbox_settings":""},"product_brand":[],"product_cat":[703],"product_tag":[1291,832,731,714,705,715,836,717,737,713,1292,1293,1314,1271,712],"class_list":{"0":"post-31041","1":"product","2":"type-product","3":"status-publish","4":"has-post-thumbnail","6":"product_cat-luxembourg-images-fr","7":"product_tag-belair-fr","8":"product_tag-eglise","9":"product_tag-eglises","10":"product_tag-images-du-luxembourg","11":"product_tag-imprime","12":"product_tag-letzebuerg-fr","13":"product_tag-maisons","14":"product_tag-photoen","15":"product_tag-photographie-du-luxembourg","16":"product_tag-photos-du-luxembourg","17":"product_tag-pius-x-fr","18":"product_tag-quartiers","19":"product_tag-quartiers-du-luxembourg","20":"product_tag-urbain","21":"product_tag-ville-de-luxembourg","22":"product_shipping_class-imprimes","24":"first","25":"instock","26":"taxable","27":"shipping-taxable","28":"purchasable","29":"product-type-variable","30":"has-default-attributes"},"featured_image_urls_v2":{"full":["https:\/\/photographer.lu\/wp-content\/uploads\/2023\/01\/8837-L-IMG-8766-Spring-Belair-Luxembourg-city.webp",1200,800,false],"thumbnail":["https:\/\/photographer.lu\/wp-content\/uploads\/2023\/01\/8837-L-IMG-8766-Spring-Belair-Luxembourg-city.webp",550,367,false],"medium":["https:\/\/photographer.lu\/wp-content\/uploads\/2023\/01\/8837-L-IMG-8766-Spring-Belair-Luxembourg-city.webp",300,200,false],"medium_large":["https:\/\/photographer.lu\/wp-content\/uploads\/2023\/01\/8837-L-IMG-8766-Spring-Belair-Luxembourg-city.webp",768,512,false],"large":["https:\/\/photographer.lu\/wp-content\/uploads\/2023\/01\/8837-L-IMG-8766-Spring-Belair-Luxembourg-city.webp",1200,800,false],"1536x1536":["https:\/\/photographer.lu\/wp-content\/uploads\/2023\/01\/8837-L-IMG-8766-Spring-Belair-Luxembourg-city.webp",1200,800,false],"2048x2048":["https:\/\/photographer.lu\/wp-content\/uploads\/2023\/01\/8837-L-IMG-8766-Spring-Belair-Luxembourg-city.webp",1200,800,false],"woocommerce_archive_thumbnail":["https:\/\/photographer.lu\/wp-content\/uploads\/2023\/01\/8837-L-IMG-8766-Spring-Belair-Luxembourg-city-600x400.webp",600,400,true],"mailpoet_newsletter_max":["https:\/\/photographer.lu\/wp-content\/uploads\/2023\/01\/8837-L-IMG-8766-Spring-Belair-Luxembourg-city.webp",1200,800,false],"woocommerce_thumbnail":["https:\/\/photographer.lu\/wp-content\/uploads\/2023\/01\/8837-L-IMG-8766-Spring-Belair-Luxembourg-city-600x400.webp",600,400,true],"woocommerce_single":["https:\/\/photographer.lu\/wp-content\/uploads\/2023\/01\/8837-L-IMG-8766-Spring-Belair-Luxembourg-city.webp",1200,800,false],"woocommerce_gallery_thumbnail":["https:\/\/photographer.lu\/wp-content\/uploads\/2023\/01\/8837-L-IMG-8766-Spring-Belair-Luxembourg-city-120x120.webp",120,120,true],"jetpack-portfolio-admin-thumb":["https:\/\/photographer.lu\/wp-content\/uploads\/2023\/01\/8837-L-IMG-8766-Spring-Belair-Luxembourg-city.webp",50,33,false]},"post_excerpt_stackable_v2":"<p>Arbre en fleurs au printemps dans le quartier de Belair au Luxembourg<\/p>\n","category_list_v2":"","author_info_v2":{"name":"","url":""},"comments_num_v2":"0 commentaire","acf":[],"jetpack_sharing_enabled":true,"_links":{"self":[{"href":"https:\/\/photographer.lu\/fr\/wp-json\/wp\/v2\/product\/31041","targetHints":{"allow":["GET"]}}],"collection":[{"href":"https:\/\/photographer.lu\/fr\/wp-json\/wp\/v2\/product"}],"about":[{"href":"https:\/\/photographer.lu\/fr\/wp-json\/wp\/v2\/types\/product"}],"replies":[{"embeddable":true,"href":"https:\/\/photographer.lu\/fr\/wp-json\/wp\/v2\/comments?post=31041"}],"wp:featuredmedia":[{"embeddable":true,"href":"https:\/\/photographer.lu\/fr\/wp-json\/wp\/v2\/media\/29967"}],"wp:attachment":[{"href":"https:\/\/photographer.lu\/fr\/wp-json\/wp\/v2\/media?parent=31041"}],"wp:term":[{"taxonomy":"product_brand","embeddable":true,"href":"https:\/\/photographer.lu\/fr\/wp-json\/wp\/v2\/product_brand?post=31041"},{"taxonomy":"product_cat","embeddable":true,"href":"https:\/\/photographer.lu\/fr\/wp-json\/wp\/v2\/product_cat?post=31041"},{"taxonomy":"product_tag","embeddable":true,"href":"https:\/\/photographer.lu\/fr\/wp-json\/wp\/v2\/product_tag?post=31041"}],"curies":[{"name":"wp","href":"https:\/\/api.w.org\/{rel}","templated":true}]}}