{"id":31159,"date":"2023-01-27T21:18:05","date_gmt":"2023-01-27T21:18:05","guid":{"rendered":"https:\/\/photographer.lu\/?post_type=product&#038;p=31159"},"modified":"2023-09-27T12:34:35","modified_gmt":"2023-09-27T12:34:35","slug":"mamer-castle-luxembourg-national-day-nationalfeierdag","status":"publish","type":"product","link":"https:\/\/photographer.lu\/fr\/photo\/mamer-castle-luxembourg-national-day-nationalfeierdag\/","title":{"rendered":"Le ch\u00e2teau de Mamer \u00e0 l&rsquo;occasion de la f\u00eate nationale luxembourgeoise &#8211; Nationalfeierdag"},"content":{"rendered":"<p>Photo <span style=\"color: #008000;\">commerciale<\/span> du ch\u00e2teau de Mamer, qui sert aujourd&rsquo;hui d&rsquo;h\u00f4tel de ville et de b\u00e2timent administratif pour la commune, dans la ville de Mamer, au Luxembourg, illumin\u00e9 aux couleurs du drapeau luxembourgeois la nuit pendant la f\u00eate nationale (Nationalfeierdag), avec le mot houfereg (fier) projet\u00e9 sur le b\u00e2timent.<\/p>\n<p>Cette image est disponible sous licence en t\u00e9l\u00e9chargement num\u00e9rique.<\/p>\n<p>Des tirages limit\u00e9s et des tirages libres sont disponibles.<\/p>\n","protected":false},"excerpt":{"rendered":"<p>Le ch\u00e2teau de Mamer illumin\u00e9 de nuit aux couleurs du drapeau luxembourgeois<\/p>\n","protected":false},"featured_media":29991,"comment_status":"closed","ping_status":"closed","template":"","meta":{"pgc_sgb_lightbox_settings":""},"product_brand":[],"product_cat":[703,702],"product_tag":[1077,1472,1036,1473,714,705,1474,709,715,1471,717,737,713,711,1061],"class_list":{"0":"post-31159","1":"product","2":"type-product","3":"status-publish","4":"has-post-thumbnail","6":"product_cat-luxembourg-images-fr","7":"product_cat-tirages-dart","8":"product_tag-celebrations-fr","9":"product_tag-chateau-de-mamer","10":"product_tag-chateaux","11":"product_tag-fete-nationale","12":"product_tag-images-du-luxembourg","13":"product_tag-imprime","14":"product_tag-journal-des-feuilles-nationales","15":"product_tag-le-grand-duche-de-luxembourg","16":"product_tag-letzebuerg-fr","17":"product_tag-mamer-fr","18":"product_tag-photoen","19":"product_tag-photographie-du-luxembourg","20":"product_tag-photos-du-luxembourg","21":"product_tag-points-de-repere","22":"product_tag-villes","23":"product_shipping_class-imprimes","25":"first","26":"instock","27":"taxable","28":"shipping-taxable","29":"purchasable","30":"product-type-variable","31":"has-default-attributes"},"featured_image_urls_v2":{"full":["https:\/\/photographer.lu\/wp-content\/uploads\/2023\/01\/8838-L-VIO-0075-Mamer-National-Day-Nationalfeierdag-photodudau.webp",1200,794,false],"thumbnail":["https:\/\/photographer.lu\/wp-content\/uploads\/2023\/01\/8838-L-VIO-0075-Mamer-National-Day-Nationalfeierdag-photodudau.webp",550,364,false],"medium":["https:\/\/photographer.lu\/wp-content\/uploads\/2023\/01\/8838-L-VIO-0075-Mamer-National-Day-Nationalfeierdag-photodudau.webp",300,199,false],"medium_large":["https:\/\/photographer.lu\/wp-content\/uploads\/2023\/01\/8838-L-VIO-0075-Mamer-National-Day-Nationalfeierdag-photodudau.webp",768,508,false],"large":["https:\/\/photographer.lu\/wp-content\/uploads\/2023\/01\/8838-L-VIO-0075-Mamer-National-Day-Nationalfeierdag-photodudau.webp",1200,794,false],"1536x1536":["https:\/\/photographer.lu\/wp-content\/uploads\/2023\/01\/8838-L-VIO-0075-Mamer-National-Day-Nationalfeierdag-photodudau.webp",1200,794,false],"2048x2048":["https:\/\/photographer.lu\/wp-content\/uploads\/2023\/01\/8838-L-VIO-0075-Mamer-National-Day-Nationalfeierdag-photodudau.webp",1200,794,false],"woocommerce_archive_thumbnail":["https:\/\/photographer.lu\/wp-content\/uploads\/2023\/01\/8838-L-VIO-0075-Mamer-National-Day-Nationalfeierdag-photodudau-600x397.webp",600,397,true],"mailpoet_newsletter_max":["https:\/\/photographer.lu\/wp-content\/uploads\/2023\/01\/8838-L-VIO-0075-Mamer-National-Day-Nationalfeierdag-photodudau.webp",1200,794,false],"woocommerce_thumbnail":["https:\/\/photographer.lu\/wp-content\/uploads\/2023\/01\/8838-L-VIO-0075-Mamer-National-Day-Nationalfeierdag-photodudau-600x397.webp",600,397,true],"woocommerce_single":["https:\/\/photographer.lu\/wp-content\/uploads\/2023\/01\/8838-L-VIO-0075-Mamer-National-Day-Nationalfeierdag-photodudau.webp",1200,794,false],"woocommerce_gallery_thumbnail":["https:\/\/photographer.lu\/wp-content\/uploads\/2023\/01\/8838-L-VIO-0075-Mamer-National-Day-Nationalfeierdag-photodudau-120x120.webp",120,120,true],"jetpack-portfolio-admin-thumb":["https:\/\/photographer.lu\/wp-content\/uploads\/2023\/01\/8838-L-VIO-0075-Mamer-National-Day-Nationalfeierdag-photodudau.webp",50,33,false]},"post_excerpt_stackable_v2":"<p>Le ch\u00e2teau de Mamer illumin\u00e9 de nuit aux couleurs du drapeau luxembourgeois<\/p>\n","category_list_v2":"","author_info_v2":{"name":"","url":""},"comments_num_v2":"0 commentaire","acf":[],"jetpack_sharing_enabled":true,"_links":{"self":[{"href":"https:\/\/photographer.lu\/fr\/wp-json\/wp\/v2\/product\/31159","targetHints":{"allow":["GET"]}}],"collection":[{"href":"https:\/\/photographer.lu\/fr\/wp-json\/wp\/v2\/product"}],"about":[{"href":"https:\/\/photographer.lu\/fr\/wp-json\/wp\/v2\/types\/product"}],"replies":[{"embeddable":true,"href":"https:\/\/photographer.lu\/fr\/wp-json\/wp\/v2\/comments?post=31159"}],"wp:featuredmedia":[{"embeddable":true,"href":"https:\/\/photographer.lu\/fr\/wp-json\/wp\/v2\/media\/29991"}],"wp:attachment":[{"href":"https:\/\/photographer.lu\/fr\/wp-json\/wp\/v2\/media?parent=31159"}],"wp:term":[{"taxonomy":"product_brand","embeddable":true,"href":"https:\/\/photographer.lu\/fr\/wp-json\/wp\/v2\/product_brand?post=31159"},{"taxonomy":"product_cat","embeddable":true,"href":"https:\/\/photographer.lu\/fr\/wp-json\/wp\/v2\/product_cat?post=31159"},{"taxonomy":"product_tag","embeddable":true,"href":"https:\/\/photographer.lu\/fr\/wp-json\/wp\/v2\/product_tag?post=31159"}],"curies":[{"name":"wp","href":"https:\/\/api.w.org\/{rel}","templated":true}]}}