{"id":31277,"date":"2023-01-27T21:58:50","date_gmt":"2023-01-27T21:58:50","guid":{"rendered":"https:\/\/photographer.lu\/?post_type=product&#038;p=31277"},"modified":"2023-09-27T13:31:11","modified_gmt":"2023-09-27T13:31:11","slug":"brumeux-septfontaines-village-castle-luxembourg","status":"publish","type":"product","link":"https:\/\/photographer.lu\/fr\/photo\/brumeux-septfontaines-village-castle-luxembourg\/","title":{"rendered":"Village et ch\u00e2teau de Septfontaines brumeux au Luxembourg"},"content":{"rendered":"<p>Photo <span style=\"color: #008000;\">commerciale<\/span> du village de Septfontaines au Luxembourg, avec le ch\u00e2teau de Burg Simmern lors d&rsquo;une journ\u00e9e ensoleill\u00e9e et brumeuse avec un ciel bleu. Le ch\u00e2teau fait partie de la vall\u00e9e des 7 ch\u00e2teaux du Grand-Duch\u00e9 de Luxembourg.<\/p>\n<p>Cette image est disponible sous licence en t\u00e9l\u00e9chargement num\u00e9rique.<\/p>\n<p>Des tirages limit\u00e9s et des tirages libres sont disponibles.<\/p>\n","protected":false},"excerpt":{"rendered":"<p>Le village de Septfontaines au Luxembourg, avec le ch\u00e2teau de Burg Simmern<\/p>\n","protected":false},"featured_media":30039,"comment_status":"closed","ping_status":"closed","template":"","meta":{"pgc_sgb_lightbox_settings":""},"product_brand":[],"product_cat":[703,702],"product_tag":[827,829,1483,1484,1036,714,705,709,715,717,737,713,711,1485,1486,1061],"class_list":{"0":"post-31277","1":"product","2":"type-product","3":"status-publish","4":"has-post-thumbnail","6":"product_cat-luxembourg-images-fr","7":"product_cat-tirages-dart","8":"product_tag-brouillard","9":"product_tag-brouillard-fr","10":"product_tag-buerg-vu-simmer-fr","11":"product_tag-burg-simmern-fr","12":"product_tag-chateaux","13":"product_tag-images-du-luxembourg","14":"product_tag-imprime","15":"product_tag-le-grand-duche-de-luxembourg","16":"product_tag-letzebuerg-fr","17":"product_tag-photoen","18":"product_tag-photographie-du-luxembourg","19":"product_tag-photos-du-luxembourg","20":"product_tag-points-de-repere","21":"product_tag-septfontaines-fr","22":"product_tag-vallee-des-7-chateaux","23":"product_tag-villes","24":"product_shipping_class-imprimes","26":"first","27":"instock","28":"taxable","29":"shipping-taxable","30":"purchasable","31":"product-type-variable","32":"has-default-attributes"},"featured_image_urls_v2":{"full":["https:\/\/photographer.lu\/wp-content\/uploads\/2023\/01\/8865-L-VIO-9327-Septfontaines-Castle-Luxembourg-foggy.webp",1200,800,false],"thumbnail":["https:\/\/photographer.lu\/wp-content\/uploads\/2023\/01\/8865-L-VIO-9327-Septfontaines-Castle-Luxembourg-foggy.webp",550,367,false],"medium":["https:\/\/photographer.lu\/wp-content\/uploads\/2023\/01\/8865-L-VIO-9327-Septfontaines-Castle-Luxembourg-foggy.webp",300,200,false],"medium_large":["https:\/\/photographer.lu\/wp-content\/uploads\/2023\/01\/8865-L-VIO-9327-Septfontaines-Castle-Luxembourg-foggy.webp",768,512,false],"large":["https:\/\/photographer.lu\/wp-content\/uploads\/2023\/01\/8865-L-VIO-9327-Septfontaines-Castle-Luxembourg-foggy.webp",1200,800,false],"1536x1536":["https:\/\/photographer.lu\/wp-content\/uploads\/2023\/01\/8865-L-VIO-9327-Septfontaines-Castle-Luxembourg-foggy.webp",1200,800,false],"2048x2048":["https:\/\/photographer.lu\/wp-content\/uploads\/2023\/01\/8865-L-VIO-9327-Septfontaines-Castle-Luxembourg-foggy.webp",1200,800,false],"woocommerce_archive_thumbnail":["https:\/\/photographer.lu\/wp-content\/uploads\/2023\/01\/8865-L-VIO-9327-Septfontaines-Castle-Luxembourg-foggy-600x400.webp",600,400,true],"mailpoet_newsletter_max":["https:\/\/photographer.lu\/wp-content\/uploads\/2023\/01\/8865-L-VIO-9327-Septfontaines-Castle-Luxembourg-foggy.webp",1200,800,false],"woocommerce_thumbnail":["https:\/\/photographer.lu\/wp-content\/uploads\/2023\/01\/8865-L-VIO-9327-Septfontaines-Castle-Luxembourg-foggy-600x400.webp",600,400,true],"woocommerce_single":["https:\/\/photographer.lu\/wp-content\/uploads\/2023\/01\/8865-L-VIO-9327-Septfontaines-Castle-Luxembourg-foggy.webp",1200,800,false],"woocommerce_gallery_thumbnail":["https:\/\/photographer.lu\/wp-content\/uploads\/2023\/01\/8865-L-VIO-9327-Septfontaines-Castle-Luxembourg-foggy-120x120.webp",120,120,true],"jetpack-portfolio-admin-thumb":["https:\/\/photographer.lu\/wp-content\/uploads\/2023\/01\/8865-L-VIO-9327-Septfontaines-Castle-Luxembourg-foggy.webp",50,33,false]},"post_excerpt_stackable_v2":"<p>Le village de Septfontaines au Luxembourg, avec le ch\u00e2teau de Burg Simmern<\/p>\n","category_list_v2":"","author_info_v2":{"name":"","url":""},"comments_num_v2":"0 commentaire","acf":[],"jetpack_sharing_enabled":true,"_links":{"self":[{"href":"https:\/\/photographer.lu\/fr\/wp-json\/wp\/v2\/product\/31277","targetHints":{"allow":["GET"]}}],"collection":[{"href":"https:\/\/photographer.lu\/fr\/wp-json\/wp\/v2\/product"}],"about":[{"href":"https:\/\/photographer.lu\/fr\/wp-json\/wp\/v2\/types\/product"}],"replies":[{"embeddable":true,"href":"https:\/\/photographer.lu\/fr\/wp-json\/wp\/v2\/comments?post=31277"}],"wp:featuredmedia":[{"embeddable":true,"href":"https:\/\/photographer.lu\/fr\/wp-json\/wp\/v2\/media\/30039"}],"wp:attachment":[{"href":"https:\/\/photographer.lu\/fr\/wp-json\/wp\/v2\/media?parent=31277"}],"wp:term":[{"taxonomy":"product_brand","embeddable":true,"href":"https:\/\/photographer.lu\/fr\/wp-json\/wp\/v2\/product_brand?post=31277"},{"taxonomy":"product_cat","embeddable":true,"href":"https:\/\/photographer.lu\/fr\/wp-json\/wp\/v2\/product_cat?post=31277"},{"taxonomy":"product_tag","embeddable":true,"href":"https:\/\/photographer.lu\/fr\/wp-json\/wp\/v2\/product_tag?post=31277"}],"curies":[{"name":"wp","href":"https:\/\/api.w.org\/{rel}","templated":true}]}}