{"id":31394,"date":"2023-01-27T22:35:34","date_gmt":"2023-01-27T22:35:34","guid":{"rendered":"https:\/\/photographer.lu\/?post_type=product&#038;p=31394"},"modified":"2023-09-27T17:38:26","modified_gmt":"2023-09-27T17:38:26","slug":"lieu-europe-kirchberg-luxembourg-ville","status":"publish","type":"product","link":"https:\/\/photographer.lu\/fr\/photo\/lieu-europe-kirchberg-luxembourg-ville\/","title":{"rendered":"Place Europe \u00e0 Kirchberg, ville de Luxembourg"},"content":{"rendered":"<p>Photo <span style=\"color: #008000;\">commerciale<\/span> de stock de personnes passant par la Philharmonie et les b\u00e2timents de bureaux du Parlement europ\u00e9en sur la Place de l&rsquo;Europe dans le quartier europ\u00e9en du Kirchberg, ville de Luxembourg, pendant une journ\u00e9e ensoleill\u00e9e.<\/p>\n<p>Cette image est disponible sous licence en t\u00e9l\u00e9chargement num\u00e9rique.<\/p>\n<p>Des tirages limit\u00e9s et des tirages libres sont disponibles.<\/p>\n","protected":false},"excerpt":{"rendered":"<p>Personnes marchant sur la place de l&rsquo;Europe dans le quartier europ\u00e9en du Kirchberg, ville de Luxembourg.<\/p>\n","protected":false},"featured_media":30015,"comment_status":"closed","ping_status":"closed","template":"","meta":{"pgc_sgb_lightbox_settings":""},"product_brand":[],"product_cat":[703],"product_tag":[817,1022,714,1027,705,1025,1024,715,1489,1026,1230,1028,717,904,737,713,711,1271,712],"class_list":{"0":"post-31394","1":"product","2":"type-product","3":"status-publish","4":"has-post-thumbnail","6":"product_cat-luxembourg-images-fr","7":"product_tag-architecture-fr","8":"product_tag-entreprise","9":"product_tag-images-du-luxembourg","10":"product_tag-immeubles-de-bureaux","11":"product_tag-imprime","12":"product_tag-kirchberg-fr","13":"product_tag-les-institutions-europeennes","14":"product_tag-letzebuerg-fr","15":"product_tag-lieu-europe","16":"product_tag-moderne","17":"product_tag-personnes","18":"product_tag-philharmonie-fr","19":"product_tag-photoen","20":"product_tag-photographie-de-rue","21":"product_tag-photographie-du-luxembourg","22":"product_tag-photos-du-luxembourg","23":"product_tag-points-de-repere","24":"product_tag-urbain","25":"product_tag-ville-de-luxembourg","26":"product_shipping_class-imprimes","28":"first","29":"instock","30":"taxable","31":"shipping-taxable","32":"purchasable","33":"product-type-variable","34":"has-default-attributes"},"featured_image_urls_v2":{"full":["https:\/\/photographer.lu\/wp-content\/uploads\/2023\/01\/8858-L-VIO-6043-Business-Kirchberg-Luxembourg-city.webp",1200,800,false],"thumbnail":["https:\/\/photographer.lu\/wp-content\/uploads\/2023\/01\/8858-L-VIO-6043-Business-Kirchberg-Luxembourg-city.webp",550,367,false],"medium":["https:\/\/photographer.lu\/wp-content\/uploads\/2023\/01\/8858-L-VIO-6043-Business-Kirchberg-Luxembourg-city.webp",300,200,false],"medium_large":["https:\/\/photographer.lu\/wp-content\/uploads\/2023\/01\/8858-L-VIO-6043-Business-Kirchberg-Luxembourg-city.webp",768,512,false],"large":["https:\/\/photographer.lu\/wp-content\/uploads\/2023\/01\/8858-L-VIO-6043-Business-Kirchberg-Luxembourg-city.webp",1200,800,false],"1536x1536":["https:\/\/photographer.lu\/wp-content\/uploads\/2023\/01\/8858-L-VIO-6043-Business-Kirchberg-Luxembourg-city.webp",1200,800,false],"2048x2048":["https:\/\/photographer.lu\/wp-content\/uploads\/2023\/01\/8858-L-VIO-6043-Business-Kirchberg-Luxembourg-city.webp",1200,800,false],"woocommerce_archive_thumbnail":["https:\/\/photographer.lu\/wp-content\/uploads\/2023\/01\/8858-L-VIO-6043-Business-Kirchberg-Luxembourg-city-600x400.webp",600,400,true],"mailpoet_newsletter_max":["https:\/\/photographer.lu\/wp-content\/uploads\/2023\/01\/8858-L-VIO-6043-Business-Kirchberg-Luxembourg-city.webp",1200,800,false],"woocommerce_thumbnail":["https:\/\/photographer.lu\/wp-content\/uploads\/2023\/01\/8858-L-VIO-6043-Business-Kirchberg-Luxembourg-city-600x400.webp",600,400,true],"woocommerce_single":["https:\/\/photographer.lu\/wp-content\/uploads\/2023\/01\/8858-L-VIO-6043-Business-Kirchberg-Luxembourg-city.webp",1200,800,false],"woocommerce_gallery_thumbnail":["https:\/\/photographer.lu\/wp-content\/uploads\/2023\/01\/8858-L-VIO-6043-Business-Kirchberg-Luxembourg-city-120x120.webp",120,120,true],"jetpack-portfolio-admin-thumb":["https:\/\/photographer.lu\/wp-content\/uploads\/2023\/01\/8858-L-VIO-6043-Business-Kirchberg-Luxembourg-city.webp",50,33,false]},"post_excerpt_stackable_v2":"<p>Personnes marchant sur la place de l&rsquo;Europe dans le quartier europ\u00e9en du Kirchberg, ville de Luxembourg.<\/p>\n","category_list_v2":"","author_info_v2":{"name":"","url":""},"comments_num_v2":"0 commentaire","acf":[],"jetpack_sharing_enabled":true,"_links":{"self":[{"href":"https:\/\/photographer.lu\/fr\/wp-json\/wp\/v2\/product\/31394","targetHints":{"allow":["GET"]}}],"collection":[{"href":"https:\/\/photographer.lu\/fr\/wp-json\/wp\/v2\/product"}],"about":[{"href":"https:\/\/photographer.lu\/fr\/wp-json\/wp\/v2\/types\/product"}],"replies":[{"embeddable":true,"href":"https:\/\/photographer.lu\/fr\/wp-json\/wp\/v2\/comments?post=31394"}],"wp:featuredmedia":[{"embeddable":true,"href":"https:\/\/photographer.lu\/fr\/wp-json\/wp\/v2\/media\/30015"}],"wp:attachment":[{"href":"https:\/\/photographer.lu\/fr\/wp-json\/wp\/v2\/media?parent=31394"}],"wp:term":[{"taxonomy":"product_brand","embeddable":true,"href":"https:\/\/photographer.lu\/fr\/wp-json\/wp\/v2\/product_brand?post=31394"},{"taxonomy":"product_cat","embeddable":true,"href":"https:\/\/photographer.lu\/fr\/wp-json\/wp\/v2\/product_cat?post=31394"},{"taxonomy":"product_tag","embeddable":true,"href":"https:\/\/photographer.lu\/fr\/wp-json\/wp\/v2\/product_tag?post=31394"}],"curies":[{"name":"wp","href":"https:\/\/api.w.org\/{rel}","templated":true}]}}