{"id":31509,"date":"2023-01-27T22:52:24","date_gmt":"2023-01-27T22:52:24","guid":{"rendered":"https:\/\/photographer.lu\/?post_type=product&#038;p=31509"},"modified":"2023-09-27T13:42:38","modified_gmt":"2023-09-27T13:42:38","slug":"chateau-de-brandenbourg-luxembourg","status":"publish","type":"product","link":"https:\/\/photographer.lu\/fr\/photo\/chateau-de-brandenbourg-luxembourg\/","title":{"rendered":"Ch\u00e2teau de Brandenbourg au Luxembourg"},"content":{"rendered":"<p>Photo <span style=\"color: #008000;\">commerciale<\/span> du ch\u00e2teau de Brandenbourg, au Grand-Duch\u00e9 de Luxembourg, par un matin d&rsquo;\u00e9t\u00e9 brumeux.<\/p>\n<p>Cette image est disponible sous licence en t\u00e9l\u00e9chargement num\u00e9rique.<\/p>\n<p>Des tirages limit\u00e9s et des tirages libres sont disponibles.<\/p>\n","protected":false},"excerpt":{"rendered":"<p>Ch\u00e2teau de Brandenbourg au Luxembourg, par un matin brumeux<\/p>\n","protected":false},"featured_media":30063,"comment_status":"closed","ping_status":"closed","template":"","meta":{"pgc_sgb_lightbox_settings":""},"product_brand":[],"product_cat":[703,702],"product_tag":[1494,827,829,1495,1036,714,705,709,715,708,717,737,713,711,866],"class_list":{"0":"post-31509","1":"product","2":"type-product","3":"status-publish","4":"has-post-thumbnail","6":"product_cat-luxembourg-images-fr","7":"product_cat-tirages-dart","8":"product_tag-brandenbourg-fr","9":"product_tag-brouillard","10":"product_tag-brouillard-fr","11":"product_tag-chateau-de-brandenbourg","12":"product_tag-chateaux","13":"product_tag-images-du-luxembourg","14":"product_tag-imprime","15":"product_tag-le-grand-duche-de-luxembourg","16":"product_tag-letzebuerg-fr","17":"product_tag-paysages","18":"product_tag-photoen","19":"product_tag-photographie-du-luxembourg","20":"product_tag-photos-du-luxembourg","21":"product_tag-points-de-repere","22":"product_tag-ruines","23":"product_shipping_class-imprimes","25":"first","26":"instock","27":"taxable","28":"shipping-taxable","29":"purchasable","30":"product-type-variable","31":"has-default-attributes"},"featured_image_urls_v2":{"full":["https:\/\/photographer.lu\/wp-content\/uploads\/2023\/01\/8935-L-VIO-8450-Brandenbourg-castle-Luxembourg.webp",1200,800,false],"thumbnail":["https:\/\/photographer.lu\/wp-content\/uploads\/2023\/01\/8935-L-VIO-8450-Brandenbourg-castle-Luxembourg.webp",550,367,false],"medium":["https:\/\/photographer.lu\/wp-content\/uploads\/2023\/01\/8935-L-VIO-8450-Brandenbourg-castle-Luxembourg.webp",300,200,false],"medium_large":["https:\/\/photographer.lu\/wp-content\/uploads\/2023\/01\/8935-L-VIO-8450-Brandenbourg-castle-Luxembourg.webp",768,512,false],"large":["https:\/\/photographer.lu\/wp-content\/uploads\/2023\/01\/8935-L-VIO-8450-Brandenbourg-castle-Luxembourg.webp",1200,800,false],"1536x1536":["https:\/\/photographer.lu\/wp-content\/uploads\/2023\/01\/8935-L-VIO-8450-Brandenbourg-castle-Luxembourg.webp",1200,800,false],"2048x2048":["https:\/\/photographer.lu\/wp-content\/uploads\/2023\/01\/8935-L-VIO-8450-Brandenbourg-castle-Luxembourg.webp",1200,800,false],"woocommerce_archive_thumbnail":["https:\/\/photographer.lu\/wp-content\/uploads\/2023\/01\/8935-L-VIO-8450-Brandenbourg-castle-Luxembourg-600x400.webp",600,400,true],"mailpoet_newsletter_max":["https:\/\/photographer.lu\/wp-content\/uploads\/2023\/01\/8935-L-VIO-8450-Brandenbourg-castle-Luxembourg.webp",1200,800,false],"woocommerce_thumbnail":["https:\/\/photographer.lu\/wp-content\/uploads\/2023\/01\/8935-L-VIO-8450-Brandenbourg-castle-Luxembourg-600x400.webp",600,400,true],"woocommerce_single":["https:\/\/photographer.lu\/wp-content\/uploads\/2023\/01\/8935-L-VIO-8450-Brandenbourg-castle-Luxembourg.webp",1200,800,false],"woocommerce_gallery_thumbnail":["https:\/\/photographer.lu\/wp-content\/uploads\/2023\/01\/8935-L-VIO-8450-Brandenbourg-castle-Luxembourg-120x120.webp",120,120,true],"jetpack-portfolio-admin-thumb":["https:\/\/photographer.lu\/wp-content\/uploads\/2023\/01\/8935-L-VIO-8450-Brandenbourg-castle-Luxembourg.webp",50,33,false]},"post_excerpt_stackable_v2":"<p>Ch\u00e2teau de Brandenbourg au Luxembourg, par un matin brumeux<\/p>\n","category_list_v2":"","author_info_v2":{"name":"","url":""},"comments_num_v2":"0 commentaire","acf":[],"jetpack_sharing_enabled":true,"_links":{"self":[{"href":"https:\/\/photographer.lu\/fr\/wp-json\/wp\/v2\/product\/31509","targetHints":{"allow":["GET"]}}],"collection":[{"href":"https:\/\/photographer.lu\/fr\/wp-json\/wp\/v2\/product"}],"about":[{"href":"https:\/\/photographer.lu\/fr\/wp-json\/wp\/v2\/types\/product"}],"replies":[{"embeddable":true,"href":"https:\/\/photographer.lu\/fr\/wp-json\/wp\/v2\/comments?post=31509"}],"wp:featuredmedia":[{"embeddable":true,"href":"https:\/\/photographer.lu\/fr\/wp-json\/wp\/v2\/media\/30063"}],"wp:attachment":[{"href":"https:\/\/photographer.lu\/fr\/wp-json\/wp\/v2\/media?parent=31509"}],"wp:term":[{"taxonomy":"product_brand","embeddable":true,"href":"https:\/\/photographer.lu\/fr\/wp-json\/wp\/v2\/product_brand?post=31509"},{"taxonomy":"product_cat","embeddable":true,"href":"https:\/\/photographer.lu\/fr\/wp-json\/wp\/v2\/product_cat?post=31509"},{"taxonomy":"product_tag","embeddable":true,"href":"https:\/\/photographer.lu\/fr\/wp-json\/wp\/v2\/product_tag?post=31509"}],"curies":[{"name":"wp","href":"https:\/\/api.w.org\/{rel}","templated":true}]}}