{"id":31868,"date":"2023-02-03T00:36:27","date_gmt":"2023-02-03T00:36:27","guid":{"rendered":"https:\/\/photographer.lu\/?post_type=product&#038;p=31868"},"modified":"2023-09-27T21:43:39","modified_gmt":"2023-09-27T21:43:39","slug":"schoenfels-winter","status":"publish","type":"product","link":"https:\/\/photographer.lu\/fr\/photo\/schoenfels-winter\/","title":{"rendered":"Schoenfels en hiver"},"content":{"rendered":"<p>Photo <span style=\"color: #008000;\">commerciale<\/span> du ch\u00e2teau de Schoenfels dans le village de Schoenfels sous la neige lors d&rsquo;un matin d&rsquo;hiver brumeux au Luxembourg.<\/p>\n<p>Cette image est disponible sous licence en t\u00e9l\u00e9chargement num\u00e9rique.<\/p>\n<p>Des tirages limit\u00e9s et des tirages libres sont disponibles.<\/p>\n","protected":false},"excerpt":{"rendered":"<p>Le village de Schoenfels sous la neige en hiver<\/p>\n","protected":false},"featured_media":30111,"comment_status":"closed","ping_status":"closed","template":"","meta":{"pgc_sgb_lightbox_settings":""},"product_brand":[],"product_cat":[703,702],"product_tag":[827,1036,1316,1086,714,705,1085,709,715,742,1294,717,737,713,719,1505,1486,1061],"class_list":{"0":"post-31868","1":"product","2":"type-product","3":"status-publish","4":"has-post-thumbnail","6":"product_cat-luxembourg-images-fr","7":"product_cat-tirages-dart","8":"product_tag-brouillard","9":"product_tag-chateaux","10":"product_tag-enneigee","11":"product_tag-hiver","12":"product_tag-images-du-luxembourg","13":"product_tag-imprime","14":"product_tag-la-neige-au-luxembourg","15":"product_tag-le-grand-duche-de-luxembourg","16":"product_tag-letzebuerg-fr","17":"product_tag-luxembourg-fr","18":"product_tag-neige","19":"product_tag-photoen","20":"product_tag-photographie-du-luxembourg","21":"product_tag-photos-du-luxembourg","22":"product_tag-saisons","23":"product_tag-schoenfels-fr","24":"product_tag-vallee-des-7-chateaux","25":"product_tag-villes","26":"product_shipping_class-imprimes","28":"first","29":"instock","30":"taxable","31":"shipping-taxable","32":"purchasable","33":"product-type-variable"},"featured_image_urls_v2":{"full":["https:\/\/photographer.lu\/wp-content\/uploads\/2023\/01\/8948-L-VIO-2888-Schoenfels-village-castle-snow-winter.webp",1200,800,false],"thumbnail":["https:\/\/photographer.lu\/wp-content\/uploads\/2023\/01\/8948-L-VIO-2888-Schoenfels-village-castle-snow-winter.webp",550,367,false],"medium":["https:\/\/photographer.lu\/wp-content\/uploads\/2023\/01\/8948-L-VIO-2888-Schoenfels-village-castle-snow-winter.webp",300,200,false],"medium_large":["https:\/\/photographer.lu\/wp-content\/uploads\/2023\/01\/8948-L-VIO-2888-Schoenfels-village-castle-snow-winter.webp",768,512,false],"large":["https:\/\/photographer.lu\/wp-content\/uploads\/2023\/01\/8948-L-VIO-2888-Schoenfels-village-castle-snow-winter.webp",1200,800,false],"1536x1536":["https:\/\/photographer.lu\/wp-content\/uploads\/2023\/01\/8948-L-VIO-2888-Schoenfels-village-castle-snow-winter.webp",1200,800,false],"2048x2048":["https:\/\/photographer.lu\/wp-content\/uploads\/2023\/01\/8948-L-VIO-2888-Schoenfels-village-castle-snow-winter.webp",1200,800,false],"woocommerce_archive_thumbnail":["https:\/\/photographer.lu\/wp-content\/uploads\/2023\/01\/8948-L-VIO-2888-Schoenfels-village-castle-snow-winter-600x400.webp",600,400,true],"mailpoet_newsletter_max":["https:\/\/photographer.lu\/wp-content\/uploads\/2023\/01\/8948-L-VIO-2888-Schoenfels-village-castle-snow-winter.webp",1200,800,false],"woocommerce_thumbnail":["https:\/\/photographer.lu\/wp-content\/uploads\/2023\/01\/8948-L-VIO-2888-Schoenfels-village-castle-snow-winter-600x400.webp",600,400,true],"woocommerce_single":["https:\/\/photographer.lu\/wp-content\/uploads\/2023\/01\/8948-L-VIO-2888-Schoenfels-village-castle-snow-winter.webp",1200,800,false],"woocommerce_gallery_thumbnail":["https:\/\/photographer.lu\/wp-content\/uploads\/2023\/01\/8948-L-VIO-2888-Schoenfels-village-castle-snow-winter-120x120.webp",120,120,true],"jetpack-portfolio-admin-thumb":["https:\/\/photographer.lu\/wp-content\/uploads\/2023\/01\/8948-L-VIO-2888-Schoenfels-village-castle-snow-winter.webp",50,33,false]},"post_excerpt_stackable_v2":"<p>Le village de Schoenfels sous la neige en hiver<\/p>\n","category_list_v2":"","author_info_v2":{"name":"","url":""},"comments_num_v2":"0 commentaire","acf":[],"jetpack_sharing_enabled":true,"_links":{"self":[{"href":"https:\/\/photographer.lu\/fr\/wp-json\/wp\/v2\/product\/31868","targetHints":{"allow":["GET"]}}],"collection":[{"href":"https:\/\/photographer.lu\/fr\/wp-json\/wp\/v2\/product"}],"about":[{"href":"https:\/\/photographer.lu\/fr\/wp-json\/wp\/v2\/types\/product"}],"replies":[{"embeddable":true,"href":"https:\/\/photographer.lu\/fr\/wp-json\/wp\/v2\/comments?post=31868"}],"wp:featuredmedia":[{"embeddable":true,"href":"https:\/\/photographer.lu\/fr\/wp-json\/wp\/v2\/media\/30111"}],"wp:attachment":[{"href":"https:\/\/photographer.lu\/fr\/wp-json\/wp\/v2\/media?parent=31868"}],"wp:term":[{"taxonomy":"product_brand","embeddable":true,"href":"https:\/\/photographer.lu\/fr\/wp-json\/wp\/v2\/product_brand?post=31868"},{"taxonomy":"product_cat","embeddable":true,"href":"https:\/\/photographer.lu\/fr\/wp-json\/wp\/v2\/product_cat?post=31868"},{"taxonomy":"product_tag","embeddable":true,"href":"https:\/\/photographer.lu\/fr\/wp-json\/wp\/v2\/product_tag?post=31868"}],"curies":[{"name":"wp","href":"https:\/\/api.w.org\/{rel}","templated":true}]}}