{"id":31987,"date":"2023-02-03T23:14:32","date_gmt":"2023-02-03T23:14:32","guid":{"rendered":"https:\/\/photographer.lu\/?post_type=product&#038;p=31987"},"modified":"2023-09-28T11:12:05","modified_gmt":"2023-09-28T11:12:05","slug":"hesperange-castle-sunet","status":"publish","type":"product","link":"https:\/\/photographer.lu\/fr\/photo\/hesperange-castle-sunet\/","title":{"rendered":"Ch\u00e2teau d&rsquo;Hesperange au coucher du soleil"},"content":{"rendered":"<p>Photo <span style=\"color: #ff0000;\">\u00e9ditoriale<\/span> de l&rsquo;Eglise de Hesperange (\u00e9glise) illumin\u00e9e, de la rivi\u00e8re Alzette et du ch\u00e2teau de Hesperange au Luxembourg pendant le coucher du soleil.<\/p>\n<p>Cette image est disponible sous licence en t\u00e9l\u00e9chargement num\u00e9rique.<\/p>\n<p>Des tirages limit\u00e9s et des tirages libres sont disponibles.<\/p>\n","protected":false},"excerpt":{"rendered":"<p>Ch\u00e2teau d&rsquo;Hesperange au Luxembourg pendant le coucher du soleil<\/p>\n","protected":false},"featured_media":30135,"comment_status":"closed","ping_status":"closed","template":"","meta":{"pgc_sgb_lightbox_settings":""},"product_brand":[],"product_cat":[703,702],"product_tag":[1036,1508,714,705,709,715,838,742,824,717,737,713,1061],"class_list":{"0":"post-31987","1":"product","2":"type-product","3":"status-publish","4":"has-post-thumbnail","6":"product_cat-luxembourg-images-fr","7":"product_cat-tirages-dart","8":"product_tag-chateaux","9":"product_tag-hesperange-fr","10":"product_tag-images-du-luxembourg","11":"product_tag-imprime","12":"product_tag-le-grand-duche-de-luxembourg","13":"product_tag-letzebuerg-fr","14":"product_tag-lumieres","15":"product_tag-luxembourg-fr","16":"product_tag-nuit","17":"product_tag-photoen","18":"product_tag-photographie-du-luxembourg","19":"product_tag-photos-du-luxembourg","20":"product_tag-villes","21":"product_shipping_class-imprimes","23":"first","24":"instock","25":"taxable","26":"shipping-taxable","27":"purchasable","28":"product-type-variable"},"featured_image_urls_v2":{"full":["https:\/\/photographer.lu\/wp-content\/uploads\/2023\/01\/8949-L-Hesperange-castle-town-sunset.webp",1200,800,false],"thumbnail":["https:\/\/photographer.lu\/wp-content\/uploads\/2023\/01\/8949-L-Hesperange-castle-town-sunset.webp",550,367,false],"medium":["https:\/\/photographer.lu\/wp-content\/uploads\/2023\/01\/8949-L-Hesperange-castle-town-sunset.webp",300,200,false],"medium_large":["https:\/\/photographer.lu\/wp-content\/uploads\/2023\/01\/8949-L-Hesperange-castle-town-sunset.webp",768,512,false],"large":["https:\/\/photographer.lu\/wp-content\/uploads\/2023\/01\/8949-L-Hesperange-castle-town-sunset.webp",1200,800,false],"1536x1536":["https:\/\/photographer.lu\/wp-content\/uploads\/2023\/01\/8949-L-Hesperange-castle-town-sunset.webp",1200,800,false],"2048x2048":["https:\/\/photographer.lu\/wp-content\/uploads\/2023\/01\/8949-L-Hesperange-castle-town-sunset.webp",1200,800,false],"woocommerce_archive_thumbnail":["https:\/\/photographer.lu\/wp-content\/uploads\/2023\/01\/8949-L-Hesperange-castle-town-sunset-600x400.webp",600,400,true],"mailpoet_newsletter_max":["https:\/\/photographer.lu\/wp-content\/uploads\/2023\/01\/8949-L-Hesperange-castle-town-sunset.webp",1200,800,false],"woocommerce_thumbnail":["https:\/\/photographer.lu\/wp-content\/uploads\/2023\/01\/8949-L-Hesperange-castle-town-sunset-600x400.webp",600,400,true],"woocommerce_single":["https:\/\/photographer.lu\/wp-content\/uploads\/2023\/01\/8949-L-Hesperange-castle-town-sunset.webp",1200,800,false],"woocommerce_gallery_thumbnail":["https:\/\/photographer.lu\/wp-content\/uploads\/2023\/01\/8949-L-Hesperange-castle-town-sunset-120x120.webp",120,120,true],"jetpack-portfolio-admin-thumb":["https:\/\/photographer.lu\/wp-content\/uploads\/2023\/01\/8949-L-Hesperange-castle-town-sunset.webp",50,33,false]},"post_excerpt_stackable_v2":"<p>Ch\u00e2teau d&rsquo;Hesperange au Luxembourg pendant le coucher du soleil<\/p>\n","category_list_v2":"","author_info_v2":{"name":"","url":""},"comments_num_v2":"0 commentaire","acf":[],"jetpack_sharing_enabled":true,"_links":{"self":[{"href":"https:\/\/photographer.lu\/fr\/wp-json\/wp\/v2\/product\/31987","targetHints":{"allow":["GET"]}}],"collection":[{"href":"https:\/\/photographer.lu\/fr\/wp-json\/wp\/v2\/product"}],"about":[{"href":"https:\/\/photographer.lu\/fr\/wp-json\/wp\/v2\/types\/product"}],"replies":[{"embeddable":true,"href":"https:\/\/photographer.lu\/fr\/wp-json\/wp\/v2\/comments?post=31987"}],"wp:featuredmedia":[{"embeddable":true,"href":"https:\/\/photographer.lu\/fr\/wp-json\/wp\/v2\/media\/30135"}],"wp:attachment":[{"href":"https:\/\/photographer.lu\/fr\/wp-json\/wp\/v2\/media?parent=31987"}],"wp:term":[{"taxonomy":"product_brand","embeddable":true,"href":"https:\/\/photographer.lu\/fr\/wp-json\/wp\/v2\/product_brand?post=31987"},{"taxonomy":"product_cat","embeddable":true,"href":"https:\/\/photographer.lu\/fr\/wp-json\/wp\/v2\/product_cat?post=31987"},{"taxonomy":"product_tag","embeddable":true,"href":"https:\/\/photographer.lu\/fr\/wp-json\/wp\/v2\/product_tag?post=31987"}],"curies":[{"name":"wp","href":"https:\/\/api.w.org\/{rel}","templated":true}]}}