{"id":32113,"date":"2022-03-27T09:21:54","date_gmt":"2022-03-27T09:21:54","guid":{"rendered":"https:\/\/photographer.lu\/?post_type=product&#038;p=32113"},"modified":"2023-09-27T08:35:43","modified_gmt":"2023-09-27T08:35:43","slug":"luxembourg-cartes-de-recettes-set-paques-printemps","status":"publish","type":"product","link":"https:\/\/photographer.lu\/fr\/photo\/luxembourg-cartes-de-recettes-set-paques-printemps\/","title":{"rendered":"Luxembourg set de cartes de v\u0153ux P\u00e2ques \/ Printemps"},"content":{"rendered":"<p><strong>Cartes de v\u0153ux luxembourgeoises<\/strong> au format A5 (15\u00d721 cm) sur <b>le th\u00e8me du printemps ou de P\u00e2ques<\/b>. La couverture est une photo personnelle de la cath\u00e9drale Notre-Dame vue entre des arbres printaniers en fleurs, tandis que l&rsquo;int\u00e9rieur repr\u00e9sente l&rsquo;\u00e9glise Saint-Michel de la ville de Luxembourg vue \u00e0 travers des cerisiers en fleurs.<\/p>\n<p>Il est accompagn\u00e9 d&rsquo;une enveloppe printani\u00e8re verte ou rouge (selon la disponibilit\u00e9 du moment), pr\u00eate \u00e0 \u00eatre offerte \u00e0 vos proches.<\/p>\n","protected":false},"excerpt":{"rendered":"<p><strong>Luxembourg Cartes de v\u0153ux<\/strong> 15\u00d721 cm avec <b>th\u00e8me Printemps \/ P\u00e2ques<\/b><\/p>\n","protected":false},"featured_media":32118,"comment_status":"open","ping_status":"closed","template":"","meta":{"pgc_sgb_lightbox_settings":""},"product_brand":[],"product_cat":[627],"product_tag":[1035,1354],"class_list":{"0":"post-32113","1":"product","2":"type-product","3":"status-publish","4":"has-post-thumbnail","6":"product_cat-cadeaux-luxembourgeois","7":"product_tag-cadeaux","8":"product_tag-cartes-de-voeux","9":"product_shipping_class-calendriers","11":"first","12":"outofstock","13":"taxable","14":"shipping-taxable","15":"purchasable","16":"product-type-variable"},"featured_image_urls_v2":{"full":["https:\/\/photographer.lu\/wp-content\/uploads\/2023\/03\/Luxembourg-Spring-greeting-card-Easter-carte-voeux-Paques-printemps_.webp",1200,803,false],"thumbnail":["https:\/\/photographer.lu\/wp-content\/uploads\/2023\/03\/Luxembourg-Spring-greeting-card-Easter-carte-voeux-Paques-printemps_.webp",550,368,false],"medium":["https:\/\/photographer.lu\/wp-content\/uploads\/2023\/03\/Luxembourg-Spring-greeting-card-Easter-carte-voeux-Paques-printemps_.webp",300,201,false],"medium_large":["https:\/\/photographer.lu\/wp-content\/uploads\/2023\/03\/Luxembourg-Spring-greeting-card-Easter-carte-voeux-Paques-printemps_.webp",768,514,false],"large":["https:\/\/photographer.lu\/wp-content\/uploads\/2023\/03\/Luxembourg-Spring-greeting-card-Easter-carte-voeux-Paques-printemps_.webp",1200,803,false],"1536x1536":["https:\/\/photographer.lu\/wp-content\/uploads\/2023\/03\/Luxembourg-Spring-greeting-card-Easter-carte-voeux-Paques-printemps_.webp",1200,803,false],"2048x2048":["https:\/\/photographer.lu\/wp-content\/uploads\/2023\/03\/Luxembourg-Spring-greeting-card-Easter-carte-voeux-Paques-printemps_.webp",1200,803,false],"woocommerce_archive_thumbnail":["https:\/\/photographer.lu\/wp-content\/uploads\/2023\/03\/Luxembourg-Spring-greeting-card-Easter-carte-voeux-Paques-printemps_-600x402.webp",600,402,true],"mailpoet_newsletter_max":["https:\/\/photographer.lu\/wp-content\/uploads\/2023\/03\/Luxembourg-Spring-greeting-card-Easter-carte-voeux-Paques-printemps_.webp",1200,803,false],"woocommerce_thumbnail":["https:\/\/photographer.lu\/wp-content\/uploads\/2023\/03\/Luxembourg-Spring-greeting-card-Easter-carte-voeux-Paques-printemps_-600x402.webp",600,402,true],"woocommerce_single":["https:\/\/photographer.lu\/wp-content\/uploads\/2023\/03\/Luxembourg-Spring-greeting-card-Easter-carte-voeux-Paques-printemps_.webp",1200,803,false],"woocommerce_gallery_thumbnail":["https:\/\/photographer.lu\/wp-content\/uploads\/2023\/03\/Luxembourg-Spring-greeting-card-Easter-carte-voeux-Paques-printemps_-120x120.webp",120,120,true],"jetpack-portfolio-admin-thumb":["https:\/\/photographer.lu\/wp-content\/uploads\/2023\/03\/Luxembourg-Spring-greeting-card-Easter-carte-voeux-Paques-printemps_.webp",50,33,false]},"post_excerpt_stackable_v2":"<p><strong>Luxembourg Cartes de v\u0153ux<\/strong> 15\u00d721 cm avec <b>th\u00e8me Printemps \/ P\u00e2ques<\/b><\/p>\n","category_list_v2":"","author_info_v2":{"name":"","url":""},"comments_num_v2":"0 commentaire","acf":[],"jetpack_sharing_enabled":true,"_links":{"self":[{"href":"https:\/\/photographer.lu\/fr\/wp-json\/wp\/v2\/product\/32113","targetHints":{"allow":["GET"]}}],"collection":[{"href":"https:\/\/photographer.lu\/fr\/wp-json\/wp\/v2\/product"}],"about":[{"href":"https:\/\/photographer.lu\/fr\/wp-json\/wp\/v2\/types\/product"}],"replies":[{"embeddable":true,"href":"https:\/\/photographer.lu\/fr\/wp-json\/wp\/v2\/comments?post=32113"}],"wp:featuredmedia":[{"embeddable":true,"href":"https:\/\/photographer.lu\/fr\/wp-json\/wp\/v2\/media\/32118"}],"wp:attachment":[{"href":"https:\/\/photographer.lu\/fr\/wp-json\/wp\/v2\/media?parent=32113"}],"wp:term":[{"taxonomy":"product_brand","embeddable":true,"href":"https:\/\/photographer.lu\/fr\/wp-json\/wp\/v2\/product_brand?post=32113"},{"taxonomy":"product_cat","embeddable":true,"href":"https:\/\/photographer.lu\/fr\/wp-json\/wp\/v2\/product_cat?post=32113"},{"taxonomy":"product_tag","embeddable":true,"href":"https:\/\/photographer.lu\/fr\/wp-json\/wp\/v2\/product_tag?post=32113"}],"curies":[{"name":"wp","href":"https:\/\/api.w.org\/{rel}","templated":true}]}}