{"id":32528,"date":"2023-09-19T20:50:06","date_gmt":"2023-09-19T20:50:06","guid":{"rendered":"https:\/\/photographer.lu\/?post_type=product&#038;p=32528"},"modified":"2023-09-19T20:52:50","modified_gmt":"2023-09-19T20:52:50","slug":"luxembourg-ville-neige-hiver-2","status":"publish","type":"product","link":"https:\/\/photographer.lu\/fr\/photo\/luxembourg-ville-neige-hiver-2\/","title":{"rendered":"Neige en hiver dans la ville de Luxembourg"},"content":{"rendered":"<p>Photo <span style=\"color: #008000;\">commerciale<\/span> du Luxembourg sous la neige en hiver. Ligne d&rsquo;horizon de la ville de Luxembourg avec la cath\u00e9drale Notre Dame vue \u00e0 travers les branches d&rsquo;arbres couvertes de neige en hiver.<\/p>\n<p>Cette image est disponible sous licence en t\u00e9l\u00e9chargement num\u00e9rique.<\/p>\n<p>Des tirages limit\u00e9s et des tirages libres sont disponibles.<\/p>\n","protected":false},"excerpt":{"rendered":"<p>Le Luxembourg sous la neige en hiver<\/p>\n","protected":false},"featured_media":30087,"comment_status":"closed","ping_status":"closed","template":"","meta":{"pgc_sgb_lightbox_settings":""},"product_brand":[],"product_cat":[703,702],"product_tag":[1498,739,740,731,1316,1086,718,714,705,715,736,742,1294,743,732,733,717,737,713,711,719,730,741,712],"class_list":{"0":"post-32528","1":"product","2":"type-product","3":"status-publish","4":"has-post-thumbnail","6":"product_cat-luxembourg-images-fr","7":"product_cat-tirages-dart","8":"product_tag-batiments","9":"product_tag-capital-fr","10":"product_tag-cathedrale","11":"product_tag-eglises","12":"product_tag-enneigee","13":"product_tag-hiver","14":"product_tag-iconique","15":"product_tag-images-du-luxembourg","16":"product_tag-imprime","17":"product_tag-letzebuerg-fr","18":"product_tag-ligne-dhorizon","19":"product_tag-luxembourg-fr","20":"product_tag-neige","21":"product_tag-notre-dame-fr","22":"product_tag-paysage-urbain","23":"product_tag-paysages-urbains","24":"product_tag-photoen","25":"product_tag-photographie-du-luxembourg","26":"product_tag-photos-du-luxembourg","27":"product_tag-points-de-repere","28":"product_tag-saisons","29":"product_tag-vieille-ville","30":"product_tag-ville","31":"product_tag-ville-de-luxembourg","32":"product_shipping_class-imprimes","34":"first","35":"instock","36":"taxable","37":"shipping-taxable","38":"purchasable","39":"product-type-variable"},"featured_image_urls_v2":{"full":["https:\/\/photographer.lu\/wp-content\/uploads\/2023\/01\/8947-L-VIO-2513-Luxembourg-city-snow-winter.webp",1200,800,false],"thumbnail":["https:\/\/photographer.lu\/wp-content\/uploads\/2023\/01\/8947-L-VIO-2513-Luxembourg-city-snow-winter-550x367.webp",550,367,true],"medium":["https:\/\/photographer.lu\/wp-content\/uploads\/2023\/01\/8947-L-VIO-2513-Luxembourg-city-snow-winter-300x200.webp",300,200,true],"medium_large":["https:\/\/photographer.lu\/wp-content\/uploads\/2023\/01\/8947-L-VIO-2513-Luxembourg-city-snow-winter-768x512.webp",768,512,true],"large":["https:\/\/photographer.lu\/wp-content\/uploads\/2023\/01\/8947-L-VIO-2513-Luxembourg-city-snow-winter.webp",1200,800,false],"1536x1536":["https:\/\/photographer.lu\/wp-content\/uploads\/2023\/01\/8947-L-VIO-2513-Luxembourg-city-snow-winter.webp",1200,800,false],"2048x2048":["https:\/\/photographer.lu\/wp-content\/uploads\/2023\/01\/8947-L-VIO-2513-Luxembourg-city-snow-winter.webp",1200,800,false],"woocommerce_archive_thumbnail":["https:\/\/photographer.lu\/wp-content\/uploads\/2023\/01\/8947-L-VIO-2513-Luxembourg-city-snow-winter-600x400.webp",600,400,true],"mailpoet_newsletter_max":["https:\/\/photographer.lu\/wp-content\/uploads\/2023\/01\/8947-L-VIO-2513-Luxembourg-city-snow-winter.webp",1200,800,false],"woocommerce_thumbnail":["https:\/\/photographer.lu\/wp-content\/uploads\/2023\/01\/8947-L-VIO-2513-Luxembourg-city-snow-winter-600x400.webp",600,400,true],"woocommerce_single":["https:\/\/photographer.lu\/wp-content\/uploads\/2023\/01\/8947-L-VIO-2513-Luxembourg-city-snow-winter.webp",1200,800,false],"woocommerce_gallery_thumbnail":["https:\/\/photographer.lu\/wp-content\/uploads\/2023\/01\/8947-L-VIO-2513-Luxembourg-city-snow-winter-120x120.webp",120,120,true],"jetpack-portfolio-admin-thumb":["https:\/\/photographer.lu\/wp-content\/uploads\/2023\/01\/8947-L-VIO-2513-Luxembourg-city-snow-winter-50x50.webp",50,50,true]},"post_excerpt_stackable_v2":"<p>Le Luxembourg sous la neige en hiver<\/p>\n","category_list_v2":"","author_info_v2":{"name":"","url":""},"comments_num_v2":"0 commentaire","acf":[],"jetpack_sharing_enabled":true,"_links":{"self":[{"href":"https:\/\/photographer.lu\/fr\/wp-json\/wp\/v2\/product\/32528","targetHints":{"allow":["GET"]}}],"collection":[{"href":"https:\/\/photographer.lu\/fr\/wp-json\/wp\/v2\/product"}],"about":[{"href":"https:\/\/photographer.lu\/fr\/wp-json\/wp\/v2\/types\/product"}],"replies":[{"embeddable":true,"href":"https:\/\/photographer.lu\/fr\/wp-json\/wp\/v2\/comments?post=32528"}],"wp:featuredmedia":[{"embeddable":true,"href":"https:\/\/photographer.lu\/fr\/wp-json\/wp\/v2\/media\/30087"}],"wp:attachment":[{"href":"https:\/\/photographer.lu\/fr\/wp-json\/wp\/v2\/media?parent=32528"}],"wp:term":[{"taxonomy":"product_brand","embeddable":true,"href":"https:\/\/photographer.lu\/fr\/wp-json\/wp\/v2\/product_brand?post=32528"},{"taxonomy":"product_cat","embeddable":true,"href":"https:\/\/photographer.lu\/fr\/wp-json\/wp\/v2\/product_cat?post=32528"},{"taxonomy":"product_tag","embeddable":true,"href":"https:\/\/photographer.lu\/fr\/wp-json\/wp\/v2\/product_tag?post=32528"}],"curies":[{"name":"wp","href":"https:\/\/api.w.org\/{rel}","templated":true}]}}