{"id":32690,"date":"2023-09-19T20:59:26","date_gmt":"2023-09-19T20:59:26","guid":{"rendered":"https:\/\/photographer.lu\/?post_type=product&#038;p=32690"},"modified":"2023-09-28T12:47:50","modified_gmt":"2023-09-28T12:47:50","slug":"nuit-de-la-rue-brumeuse-luxembourg","status":"publish","type":"product","link":"https:\/\/photographer.lu\/fr\/photo\/nuit-de-la-rue-brumeuse-luxembourg\/","title":{"rendered":"Rue brumeuse de nuit au Luxembourg"},"content":{"rendered":"<p>Photo de rue <span style=\"color: #008000;\">commerciale<\/span> d&rsquo;un homme courant sur une all\u00e9e du Parc de la Ville dans le centre de la ville de Luxembourg couverte de brouillard pendant la nuit.<\/p>\n<p>Cette image est disponible sous licence en t\u00e9l\u00e9chargement num\u00e9rique.<\/p>\n<p>Des tirages limit\u00e9s et des tirages libres sont disponibles.<\/p>\n","protected":false},"excerpt":{"rendered":"<p>Photo de rue d&rsquo;un homme courant dans une all\u00e9e d&rsquo;un parc du centre de la ville de Luxembourg couverte de brouillard<\/p>\n","protected":false},"featured_media":30159,"comment_status":"closed","ping_status":"closed","template":"","meta":{"pgc_sgb_lightbox_settings":""},"product_brand":[],"product_cat":[703,702],"product_tag":[827,829,833,714,705,1528,715,824,1526,1525,1527,1230,717,826,904,737,713,1231,1271,712],"class_list":{"0":"post-32690","1":"product","2":"type-product","3":"status-publish","4":"has-post-thumbnail","6":"product_cat-luxembourg-images-fr","7":"product_cat-tirages-dart","8":"product_tag-brouillard","9":"product_tag-brouillard-fr","10":"product_tag-centre-ville","11":"product_tag-images-du-luxembourg","12":"product_tag-imprime","13":"product_tag-les-rues-de-luxembourg","14":"product_tag-letzebuerg-fr","15":"product_tag-nuit","16":"product_tag-parc-de-la-ville-fr","17":"product_tag-parc-municipal","18":"product_tag-parcs","19":"product_tag-personnes","20":"product_tag-photoen","21":"product_tag-photographie-de-nuit","22":"product_tag-photographie-de-rue","23":"product_tag-photographie-du-luxembourg","24":"product_tag-photos-du-luxembourg","25":"product_tag-rue","26":"product_tag-urbain","27":"product_tag-ville-de-luxembourg","28":"product_shipping_class-imprimes","30":"first","31":"instock","32":"taxable","33":"shipping-taxable","34":"purchasable","35":"product-type-variable"},"featured_image_urls_v2":{"full":["https:\/\/photographer.lu\/wp-content\/uploads\/2023\/01\/8971-L-VIO-8591-Municipal-Park-night-street-fog-photodudau.webp",1200,800,false],"thumbnail":["https:\/\/photographer.lu\/wp-content\/uploads\/2023\/01\/8971-L-VIO-8591-Municipal-Park-night-street-fog-photodudau.webp",550,367,false],"medium":["https:\/\/photographer.lu\/wp-content\/uploads\/2023\/01\/8971-L-VIO-8591-Municipal-Park-night-street-fog-photodudau.webp",300,200,false],"medium_large":["https:\/\/photographer.lu\/wp-content\/uploads\/2023\/01\/8971-L-VIO-8591-Municipal-Park-night-street-fog-photodudau.webp",768,512,false],"large":["https:\/\/photographer.lu\/wp-content\/uploads\/2023\/01\/8971-L-VIO-8591-Municipal-Park-night-street-fog-photodudau.webp",1200,800,false],"1536x1536":["https:\/\/photographer.lu\/wp-content\/uploads\/2023\/01\/8971-L-VIO-8591-Municipal-Park-night-street-fog-photodudau.webp",1200,800,false],"2048x2048":["https:\/\/photographer.lu\/wp-content\/uploads\/2023\/01\/8971-L-VIO-8591-Municipal-Park-night-street-fog-photodudau.webp",1200,800,false],"woocommerce_archive_thumbnail":["https:\/\/photographer.lu\/wp-content\/uploads\/2023\/01\/8971-L-VIO-8591-Municipal-Park-night-street-fog-photodudau-600x400.webp",600,400,true],"mailpoet_newsletter_max":["https:\/\/photographer.lu\/wp-content\/uploads\/2023\/01\/8971-L-VIO-8591-Municipal-Park-night-street-fog-photodudau.webp",1200,800,false],"woocommerce_thumbnail":["https:\/\/photographer.lu\/wp-content\/uploads\/2023\/01\/8971-L-VIO-8591-Municipal-Park-night-street-fog-photodudau-600x400.webp",600,400,true],"woocommerce_single":["https:\/\/photographer.lu\/wp-content\/uploads\/2023\/01\/8971-L-VIO-8591-Municipal-Park-night-street-fog-photodudau.webp",1200,800,false],"woocommerce_gallery_thumbnail":["https:\/\/photographer.lu\/wp-content\/uploads\/2023\/01\/8971-L-VIO-8591-Municipal-Park-night-street-fog-photodudau-120x120.webp",120,120,true],"jetpack-portfolio-admin-thumb":["https:\/\/photographer.lu\/wp-content\/uploads\/2023\/01\/8971-L-VIO-8591-Municipal-Park-night-street-fog-photodudau.webp",50,33,false]},"post_excerpt_stackable_v2":"<p>Photo de rue d&rsquo;un homme courant dans une all\u00e9e d&rsquo;un parc du centre de la ville de Luxembourg couverte de brouillard<\/p>\n","category_list_v2":"","author_info_v2":{"name":"","url":""},"comments_num_v2":"0 commentaire","acf":[],"jetpack_sharing_enabled":true,"_links":{"self":[{"href":"https:\/\/photographer.lu\/fr\/wp-json\/wp\/v2\/product\/32690","targetHints":{"allow":["GET"]}}],"collection":[{"href":"https:\/\/photographer.lu\/fr\/wp-json\/wp\/v2\/product"}],"about":[{"href":"https:\/\/photographer.lu\/fr\/wp-json\/wp\/v2\/types\/product"}],"replies":[{"embeddable":true,"href":"https:\/\/photographer.lu\/fr\/wp-json\/wp\/v2\/comments?post=32690"}],"wp:featuredmedia":[{"embeddable":true,"href":"https:\/\/photographer.lu\/fr\/wp-json\/wp\/v2\/media\/30159"}],"wp:attachment":[{"href":"https:\/\/photographer.lu\/fr\/wp-json\/wp\/v2\/media?parent=32690"}],"wp:term":[{"taxonomy":"product_brand","embeddable":true,"href":"https:\/\/photographer.lu\/fr\/wp-json\/wp\/v2\/product_brand?post=32690"},{"taxonomy":"product_cat","embeddable":true,"href":"https:\/\/photographer.lu\/fr\/wp-json\/wp\/v2\/product_cat?post=32690"},{"taxonomy":"product_tag","embeddable":true,"href":"https:\/\/photographer.lu\/fr\/wp-json\/wp\/v2\/product_tag?post=32690"}],"curies":[{"name":"wp","href":"https:\/\/api.w.org\/{rel}","templated":true}]}}