{"id":32808,"date":"2023-09-19T21:14:40","date_gmt":"2023-09-19T21:14:40","guid":{"rendered":"https:\/\/photographer.lu\/?post_type=product&#038;p=32808"},"modified":"2023-09-27T17:36:09","modified_gmt":"2023-09-27T17:36:09","slug":"foggy-street-night-luxembourg-2","status":"publish","type":"product","link":"https:\/\/photographer.lu\/fr\/photo\/foggy-street-night-luxembourg-2\/","title":{"rendered":"Rue brumeuse de nuit au Luxembourg"},"content":{"rendered":"<p>Photo de rue <span style=\"color: #008000;\">commerciale<\/span> d&rsquo;un homme marchant sur le Chemin de la Corniche \u00e0 Luxembourg ville couverte de brouillard pendant la nuit.<\/p>\n<p>Cette image est disponible sous licence en t\u00e9l\u00e9chargement num\u00e9rique.<\/p>\n<p>Des tirages limit\u00e9s et des tirages libres sont disponibles.<\/p>\n","protected":false},"excerpt":{"rendered":"<p>Homme marchant sur le Chemin de la Corniche \u00e0 Luxembourg ville couvert de brouillard<\/p>\n","protected":false},"featured_media":30183,"comment_status":"closed","ping_status":"closed","template":"","meta":{"pgc_sgb_lightbox_settings":""},"product_brand":[],"product_cat":[703,702],"product_tag":[827,829,1100,714,705,1528,715,824,1230,717,826,904,737,713,1231,1271,712],"class_list":{"0":"post-32808","1":"product","2":"type-product","3":"status-publish","4":"has-post-thumbnail","6":"product_cat-luxembourg-images-fr","7":"product_cat-tirages-dart","8":"product_tag-brouillard","9":"product_tag-brouillard-fr","10":"product_tag-chemin-de-la-corniche-fr","11":"product_tag-images-du-luxembourg","12":"product_tag-imprime","13":"product_tag-les-rues-de-luxembourg","14":"product_tag-letzebuerg-fr","15":"product_tag-nuit","16":"product_tag-personnes","17":"product_tag-photoen","18":"product_tag-photographie-de-nuit","19":"product_tag-photographie-de-rue","20":"product_tag-photographie-du-luxembourg","21":"product_tag-photos-du-luxembourg","22":"product_tag-rue","23":"product_tag-urbain","24":"product_tag-ville-de-luxembourg","25":"product_shipping_class-imprimes","27":"first","28":"instock","29":"taxable","30":"shipping-taxable","31":"purchasable","32":"product-type-variable"},"featured_image_urls_v2":{"full":["https:\/\/photographer.lu\/wp-content\/uploads\/2023\/01\/8979-L-VIO-7824-Luxembourg-city-night-street-photography-photodudau.webp",1200,827,false],"thumbnail":["https:\/\/photographer.lu\/wp-content\/uploads\/2023\/01\/8979-L-VIO-7824-Luxembourg-city-night-street-photography-photodudau.webp",550,379,false],"medium":["https:\/\/photographer.lu\/wp-content\/uploads\/2023\/01\/8979-L-VIO-7824-Luxembourg-city-night-street-photography-photodudau.webp",300,207,false],"medium_large":["https:\/\/photographer.lu\/wp-content\/uploads\/2023\/01\/8979-L-VIO-7824-Luxembourg-city-night-street-photography-photodudau.webp",768,529,false],"large":["https:\/\/photographer.lu\/wp-content\/uploads\/2023\/01\/8979-L-VIO-7824-Luxembourg-city-night-street-photography-photodudau.webp",1200,827,false],"1536x1536":["https:\/\/photographer.lu\/wp-content\/uploads\/2023\/01\/8979-L-VIO-7824-Luxembourg-city-night-street-photography-photodudau.webp",1200,827,false],"2048x2048":["https:\/\/photographer.lu\/wp-content\/uploads\/2023\/01\/8979-L-VIO-7824-Luxembourg-city-night-street-photography-photodudau.webp",1200,827,false],"woocommerce_archive_thumbnail":["https:\/\/photographer.lu\/wp-content\/uploads\/2023\/01\/8979-L-VIO-7824-Luxembourg-city-night-street-photography-photodudau-600x414.webp",600,414,true],"mailpoet_newsletter_max":["https:\/\/photographer.lu\/wp-content\/uploads\/2023\/01\/8979-L-VIO-7824-Luxembourg-city-night-street-photography-photodudau.webp",1200,827,false],"woocommerce_thumbnail":["https:\/\/photographer.lu\/wp-content\/uploads\/2023\/01\/8979-L-VIO-7824-Luxembourg-city-night-street-photography-photodudau-600x414.webp",600,414,true],"woocommerce_single":["https:\/\/photographer.lu\/wp-content\/uploads\/2023\/01\/8979-L-VIO-7824-Luxembourg-city-night-street-photography-photodudau.webp",1200,827,false],"woocommerce_gallery_thumbnail":["https:\/\/photographer.lu\/wp-content\/uploads\/2023\/01\/8979-L-VIO-7824-Luxembourg-city-night-street-photography-photodudau-120x120.webp",120,120,true],"jetpack-portfolio-admin-thumb":["https:\/\/photographer.lu\/wp-content\/uploads\/2023\/01\/8979-L-VIO-7824-Luxembourg-city-night-street-photography-photodudau.webp",50,34,false]},"post_excerpt_stackable_v2":"<p>Homme marchant sur le Chemin de la Corniche \u00e0 Luxembourg ville couvert de brouillard<\/p>\n","category_list_v2":"","author_info_v2":{"name":"","url":""},"comments_num_v2":"0 commentaire","acf":[],"jetpack_sharing_enabled":true,"_links":{"self":[{"href":"https:\/\/photographer.lu\/fr\/wp-json\/wp\/v2\/product\/32808","targetHints":{"allow":["GET"]}}],"collection":[{"href":"https:\/\/photographer.lu\/fr\/wp-json\/wp\/v2\/product"}],"about":[{"href":"https:\/\/photographer.lu\/fr\/wp-json\/wp\/v2\/types\/product"}],"replies":[{"embeddable":true,"href":"https:\/\/photographer.lu\/fr\/wp-json\/wp\/v2\/comments?post=32808"}],"wp:featuredmedia":[{"embeddable":true,"href":"https:\/\/photographer.lu\/fr\/wp-json\/wp\/v2\/media\/30183"}],"wp:attachment":[{"href":"https:\/\/photographer.lu\/fr\/wp-json\/wp\/v2\/media?parent=32808"}],"wp:term":[{"taxonomy":"product_brand","embeddable":true,"href":"https:\/\/photographer.lu\/fr\/wp-json\/wp\/v2\/product_brand?post=32808"},{"taxonomy":"product_cat","embeddable":true,"href":"https:\/\/photographer.lu\/fr\/wp-json\/wp\/v2\/product_cat?post=32808"},{"taxonomy":"product_tag","embeddable":true,"href":"https:\/\/photographer.lu\/fr\/wp-json\/wp\/v2\/product_tag?post=32808"}],"curies":[{"name":"wp","href":"https:\/\/api.w.org\/{rel}","templated":true}]}}