{"id":32926,"date":"2023-09-19T22:07:45","date_gmt":"2023-09-19T22:07:45","guid":{"rendered":"https:\/\/photographer.lu\/?post_type=product&#038;p=32926"},"modified":"2023-09-28T13:33:40","modified_gmt":"2023-09-28T13:33:40","slug":"matinee-dete-brumeuse-luxembourg-ville","status":"publish","type":"product","link":"https:\/\/photographer.lu\/fr\/photo\/matinee-dete-brumeuse-luxembourg-ville\/","title":{"rendered":"Matin\u00e9e brumeuse d&rsquo;\u00e9t\u00e9 dans la ville de Luxembourg"},"content":{"rendered":"<p>Photo <span style=\"color: #008000;\">commerciale<\/span> de l&rsquo;ancien paysage urbain de Luxembourg sur le quartier du Grund, avec les casemates du Bock \u00e0 gauche, l&rsquo;abbaye de Neumunster et la rivi\u00e8re Alzette au centre et le plateau de Rham \u00e0 droite, lors d&rsquo;une matin\u00e9e brumeuse d&rsquo;\u00e9t\u00e9.<\/p>\n<p>Cette image est disponible sous licence en t\u00e9l\u00e9chargement num\u00e9rique.<\/p>\n<p>Des tirages limit\u00e9s et des tirages libres sont disponibles.<\/p>\n","protected":false},"excerpt":{"rendered":"<p>Vue de la vieille ville de Luxembourg sur le quartier du Grund, lors d&rsquo;une matin\u00e9e d&rsquo;\u00e9t\u00e9 brumeuse.<\/p>\n<p><img decoding=\"async\" class=\"alignnone size-full wp-image-22578\" src=\"https:\/\/photographer.lu\/wp-content\/uploads\/2022\/10\/payment-methods-luxembourg.webp\" alt=\"les m\u00e9thodes de paiement\" width=\"581\" height=\"40\" srcset=\"https:\/\/photographer.lu\/wp-content\/uploads\/2022\/10\/payment-methods-luxembourg.webp 581w, https:\/\/photographer.lu\/wp-content\/uploads\/2022\/10\/payment-methods-luxembourg-300x21.webp 300w, https:\/\/photographer.lu\/wp-content\/uploads\/2022\/10\/payment-methods-luxembourg-550x38.webp 550w\" sizes=\"(max-width: 581px) 100vw, 581px\" \/><\/p>\n","protected":false},"featured_media":30207,"comment_status":"closed","ping_status":"closed","template":"","meta":{"pgc_sgb_lightbox_settings":""},"product_brand":[],"product_cat":[703,702],"product_tag":[830,819,899,817,867,827,829,739,1099,881,818,718,714,705,715,888,736,742,865,839,732,733,717,744,737,713,711,996,719,816,741,712],"class_list":{"0":"post-32926","1":"product","2":"type-product","3":"status-publish","4":"has-post-thumbnail","6":"product_cat-luxembourg-images-fr","7":"product_cat-tirages-dart","8":"product_tag-abbaye-de-neumunster-fr-2","9":"product_tag-abbaye-de-neumunster-fr","10":"product_tag-aerien","11":"product_tag-architecture-fr","12":"product_tag-automne","13":"product_tag-brouillard","14":"product_tag-brouillard-fr","15":"product_tag-capital-fr","16":"product_tag-casemates-bock","17":"product_tag-ete","18":"product_tag-grund-fr","19":"product_tag-iconique","20":"product_tag-images-du-luxembourg","21":"product_tag-imprime","22":"product_tag-letzebuerg-fr","23":"product_tag-lever-du-soleil","24":"product_tag-ligne-dhorizon","25":"product_tag-luxembourg-fr","26":"product_tag-matin","27":"product_tag-neumunster-fr","28":"product_tag-paysage-urbain","29":"product_tag-paysages-urbains","30":"product_tag-photoen","31":"product_tag-photographe-luxembourg","32":"product_tag-photographie-du-luxembourg","33":"product_tag-photos-du-luxembourg","34":"product_tag-points-de-repere","35":"product_tag-saison","36":"product_tag-saisons","37":"product_tag-vieux","38":"product_tag-ville","39":"product_tag-ville-de-luxembourg","40":"product_shipping_class-imprimes","42":"first","43":"instock","44":"taxable","45":"shipping-taxable","46":"purchasable","47":"product-type-variable"},"featured_image_urls_v2":{"full":["https:\/\/photographer.lu\/wp-content\/uploads\/2023\/01\/8988-L-VIO-4155-Luxembourg-city-grund-foggy-summer-morning.webp",1200,800,false],"thumbnail":["https:\/\/photographer.lu\/wp-content\/uploads\/2023\/01\/8988-L-VIO-4155-Luxembourg-city-grund-foggy-summer-morning.webp",550,367,false],"medium":["https:\/\/photographer.lu\/wp-content\/uploads\/2023\/01\/8988-L-VIO-4155-Luxembourg-city-grund-foggy-summer-morning.webp",300,200,false],"medium_large":["https:\/\/photographer.lu\/wp-content\/uploads\/2023\/01\/8988-L-VIO-4155-Luxembourg-city-grund-foggy-summer-morning.webp",768,512,false],"large":["https:\/\/photographer.lu\/wp-content\/uploads\/2023\/01\/8988-L-VIO-4155-Luxembourg-city-grund-foggy-summer-morning.webp",1200,800,false],"1536x1536":["https:\/\/photographer.lu\/wp-content\/uploads\/2023\/01\/8988-L-VIO-4155-Luxembourg-city-grund-foggy-summer-morning.webp",1200,800,false],"2048x2048":["https:\/\/photographer.lu\/wp-content\/uploads\/2023\/01\/8988-L-VIO-4155-Luxembourg-city-grund-foggy-summer-morning.webp",1200,800,false],"woocommerce_archive_thumbnail":["https:\/\/photographer.lu\/wp-content\/uploads\/2023\/01\/8988-L-VIO-4155-Luxembourg-city-grund-foggy-summer-morning-600x400.webp",600,400,true],"mailpoet_newsletter_max":["https:\/\/photographer.lu\/wp-content\/uploads\/2023\/01\/8988-L-VIO-4155-Luxembourg-city-grund-foggy-summer-morning.webp",1200,800,false],"woocommerce_thumbnail":["https:\/\/photographer.lu\/wp-content\/uploads\/2023\/01\/8988-L-VIO-4155-Luxembourg-city-grund-foggy-summer-morning-600x400.webp",600,400,true],"woocommerce_single":["https:\/\/photographer.lu\/wp-content\/uploads\/2023\/01\/8988-L-VIO-4155-Luxembourg-city-grund-foggy-summer-morning.webp",1200,800,false],"woocommerce_gallery_thumbnail":["https:\/\/photographer.lu\/wp-content\/uploads\/2023\/01\/8988-L-VIO-4155-Luxembourg-city-grund-foggy-summer-morning-120x120.webp",120,120,true],"jetpack-portfolio-admin-thumb":["https:\/\/photographer.lu\/wp-content\/uploads\/2023\/01\/8988-L-VIO-4155-Luxembourg-city-grund-foggy-summer-morning.webp",50,33,false]},"post_excerpt_stackable_v2":"<p>Vue de la vieille ville de Luxembourg sur le quartier du Grund, lors d&rsquo;une matin\u00e9e d&rsquo;\u00e9t\u00e9 brumeuse.<\/p>\n<p><img decoding=\"async\" class=\"alignnone size-full wp-image-22578\" src=\"https:\/\/photographer.lu\/wp-content\/uploads\/2022\/10\/payment-methods-luxembourg.webp\" alt=\"les m\u00e9thodes de paiement\" width=\"581\" height=\"40\" srcset=\"https:\/\/photographer.lu\/wp-content\/uploads\/2022\/10\/payment-methods-luxembourg.webp 581w, https:\/\/photographer.lu\/wp-content\/uploads\/2022\/10\/payment-methods-luxembourg-300x21.webp 300w, https:\/\/photographer.lu\/wp-content\/uploads\/2022\/10\/payment-methods-luxembourg-550x38.webp 550w\" sizes=\"(max-width: 581px) 100vw, 581px\" \/><\/p>\n","category_list_v2":"","author_info_v2":{"name":"","url":""},"comments_num_v2":"0 commentaire","acf":[],"jetpack_sharing_enabled":true,"_links":{"self":[{"href":"https:\/\/photographer.lu\/fr\/wp-json\/wp\/v2\/product\/32926","targetHints":{"allow":["GET"]}}],"collection":[{"href":"https:\/\/photographer.lu\/fr\/wp-json\/wp\/v2\/product"}],"about":[{"href":"https:\/\/photographer.lu\/fr\/wp-json\/wp\/v2\/types\/product"}],"replies":[{"embeddable":true,"href":"https:\/\/photographer.lu\/fr\/wp-json\/wp\/v2\/comments?post=32926"}],"wp:featuredmedia":[{"embeddable":true,"href":"https:\/\/photographer.lu\/fr\/wp-json\/wp\/v2\/media\/30207"}],"wp:attachment":[{"href":"https:\/\/photographer.lu\/fr\/wp-json\/wp\/v2\/media?parent=32926"}],"wp:term":[{"taxonomy":"product_brand","embeddable":true,"href":"https:\/\/photographer.lu\/fr\/wp-json\/wp\/v2\/product_brand?post=32926"},{"taxonomy":"product_cat","embeddable":true,"href":"https:\/\/photographer.lu\/fr\/wp-json\/wp\/v2\/product_cat?post=32926"},{"taxonomy":"product_tag","embeddable":true,"href":"https:\/\/photographer.lu\/fr\/wp-json\/wp\/v2\/product_tag?post=32926"}],"curies":[{"name":"wp","href":"https:\/\/api.w.org\/{rel}","templated":true}]}}