{"id":33160,"date":"2023-09-20T14:39:40","date_gmt":"2023-09-20T14:39:40","guid":{"rendered":"https:\/\/photographer.lu\/?post_type=product&#038;p=33160"},"modified":"2023-09-27T06:24:01","modified_gmt":"2023-09-27T06:24:01","slug":"chateau-de-larochette","status":"publish","type":"product","link":"https:\/\/photographer.lu\/fr\/photo\/chateau-de-larochette\/","title":{"rendered":"Ch\u00e2teau de Larochette"},"content":{"rendered":"<p>Photo <span style=\"color: #008000;\">commerciale<\/span> des ruines du ch\u00e2teau m\u00e9di\u00e9val de Larochette \u00e0 Larochette, Luxembourg, par un matin brumeux.<\/p>\n<p>Cette image est disponible sous licence en t\u00e9l\u00e9chargement num\u00e9rique.<\/p>\n<p>Des tirages limit\u00e9s et des tirages libres sont disponibles.<\/p>\n","protected":false},"excerpt":{"rendered":"<p>Ch\u00e2teau m\u00e9di\u00e9val de Larochette au Luxembourg pendant un matin brumeux<\/p>\n<p><img decoding=\"async\" class=\"alignnone wp-image-22578 size-full\" src=\"https:\/\/photographer.lu\/wp-content\/uploads\/2022\/10\/payment-methods-luxembourg.webp\" alt=\"les m\u00e9thodes de paiement\" width=\"581\" height=\"40\" srcset=\"https:\/\/photographer.lu\/wp-content\/uploads\/2022\/10\/payment-methods-luxembourg.webp 581w, https:\/\/photographer.lu\/wp-content\/uploads\/2022\/10\/payment-methods-luxembourg-300x21.webp 300w, https:\/\/photographer.lu\/wp-content\/uploads\/2022\/10\/payment-methods-luxembourg-550x38.webp 550w\" sizes=\"(max-width: 581px) 100vw, 581px\" \/><\/p>\n","protected":false},"featured_media":30303,"comment_status":"closed","ping_status":"closed","template":"","meta":{"pgc_sgb_lightbox_settings":""},"product_brand":[],"product_cat":[703,702],"product_tag":[817,827,1144,829,1145,1157,1036,707,710,714,705,1158,709,715,742,865,1159,717,737,713,711,866],"class_list":{"0":"post-33160","1":"product","2":"type-product","3":"status-publish","4":"has-post-thumbnail","6":"product_cat-luxembourg-images-fr","7":"product_cat-tirages-dart","8":"product_tag-architecture-fr","9":"product_tag-brouillard","10":"product_tag-brouillard-fr-2","11":"product_tag-brouillard-fr","12":"product_tag-brumeux","13":"product_tag-chateau","14":"product_tag-chateaux","15":"product_tag-chateaux-du-luxembourg","16":"product_tag-grand-duche","17":"product_tag-images-du-luxembourg","18":"product_tag-imprime","19":"product_tag-larochette-fr","20":"product_tag-le-grand-duche-de-luxembourg","21":"product_tag-letzebuerg-fr","22":"product_tag-luxembourg-fr","23":"product_tag-matin","24":"product_tag-medieval-fr","25":"product_tag-photoen","26":"product_tag-photographie-du-luxembourg","27":"product_tag-photos-du-luxembourg","28":"product_tag-points-de-repere","29":"product_tag-ruines","30":"product_shipping_class-imprimes","32":"first","33":"instock","34":"taxable","35":"shipping-taxable","36":"purchasable","37":"product-type-variable"},"featured_image_urls_v2":{"full":["https:\/\/photographer.lu\/wp-content\/uploads\/2023\/01\/9011-L-VIO-2243-Larochette-castle-Luxembourg.webp",1200,800,false],"thumbnail":["https:\/\/photographer.lu\/wp-content\/uploads\/2023\/01\/9011-L-VIO-2243-Larochette-castle-Luxembourg.webp",550,367,false],"medium":["https:\/\/photographer.lu\/wp-content\/uploads\/2023\/01\/9011-L-VIO-2243-Larochette-castle-Luxembourg.webp",300,200,false],"medium_large":["https:\/\/photographer.lu\/wp-content\/uploads\/2023\/01\/9011-L-VIO-2243-Larochette-castle-Luxembourg.webp",768,512,false],"large":["https:\/\/photographer.lu\/wp-content\/uploads\/2023\/01\/9011-L-VIO-2243-Larochette-castle-Luxembourg.webp",1200,800,false],"1536x1536":["https:\/\/photographer.lu\/wp-content\/uploads\/2023\/01\/9011-L-VIO-2243-Larochette-castle-Luxembourg.webp",1200,800,false],"2048x2048":["https:\/\/photographer.lu\/wp-content\/uploads\/2023\/01\/9011-L-VIO-2243-Larochette-castle-Luxembourg.webp",1200,800,false],"woocommerce_archive_thumbnail":["https:\/\/photographer.lu\/wp-content\/uploads\/2023\/01\/9011-L-VIO-2243-Larochette-castle-Luxembourg-600x400.webp",600,400,true],"mailpoet_newsletter_max":["https:\/\/photographer.lu\/wp-content\/uploads\/2023\/01\/9011-L-VIO-2243-Larochette-castle-Luxembourg.webp",1200,800,false],"woocommerce_thumbnail":["https:\/\/photographer.lu\/wp-content\/uploads\/2023\/01\/9011-L-VIO-2243-Larochette-castle-Luxembourg-600x400.webp",600,400,true],"woocommerce_single":["https:\/\/photographer.lu\/wp-content\/uploads\/2023\/01\/9011-L-VIO-2243-Larochette-castle-Luxembourg.webp",1200,800,false],"woocommerce_gallery_thumbnail":["https:\/\/photographer.lu\/wp-content\/uploads\/2023\/01\/9011-L-VIO-2243-Larochette-castle-Luxembourg-120x120.webp",120,120,true],"jetpack-portfolio-admin-thumb":["https:\/\/photographer.lu\/wp-content\/uploads\/2023\/01\/9011-L-VIO-2243-Larochette-castle-Luxembourg.webp",50,33,false]},"post_excerpt_stackable_v2":"<p>Ch\u00e2teau m\u00e9di\u00e9val de Larochette au Luxembourg pendant un matin brumeux<\/p>\n<p><img decoding=\"async\" class=\"alignnone wp-image-22578 size-full\" src=\"https:\/\/photographer.lu\/wp-content\/uploads\/2022\/10\/payment-methods-luxembourg.webp\" alt=\"les m\u00e9thodes de paiement\" width=\"581\" height=\"40\" srcset=\"https:\/\/photographer.lu\/wp-content\/uploads\/2022\/10\/payment-methods-luxembourg.webp 581w, https:\/\/photographer.lu\/wp-content\/uploads\/2022\/10\/payment-methods-luxembourg-300x21.webp 300w, https:\/\/photographer.lu\/wp-content\/uploads\/2022\/10\/payment-methods-luxembourg-550x38.webp 550w\" sizes=\"(max-width: 581px) 100vw, 581px\" \/><\/p>\n","category_list_v2":"","author_info_v2":{"name":"","url":""},"comments_num_v2":"0 commentaire","acf":[],"jetpack_sharing_enabled":true,"_links":{"self":[{"href":"https:\/\/photographer.lu\/fr\/wp-json\/wp\/v2\/product\/33160","targetHints":{"allow":["GET"]}}],"collection":[{"href":"https:\/\/photographer.lu\/fr\/wp-json\/wp\/v2\/product"}],"about":[{"href":"https:\/\/photographer.lu\/fr\/wp-json\/wp\/v2\/types\/product"}],"replies":[{"embeddable":true,"href":"https:\/\/photographer.lu\/fr\/wp-json\/wp\/v2\/comments?post=33160"}],"wp:featuredmedia":[{"embeddable":true,"href":"https:\/\/photographer.lu\/fr\/wp-json\/wp\/v2\/media\/30303"}],"wp:attachment":[{"href":"https:\/\/photographer.lu\/fr\/wp-json\/wp\/v2\/media?parent=33160"}],"wp:term":[{"taxonomy":"product_brand","embeddable":true,"href":"https:\/\/photographer.lu\/fr\/wp-json\/wp\/v2\/product_brand?post=33160"},{"taxonomy":"product_cat","embeddable":true,"href":"https:\/\/photographer.lu\/fr\/wp-json\/wp\/v2\/product_cat?post=33160"},{"taxonomy":"product_tag","embeddable":true,"href":"https:\/\/photographer.lu\/fr\/wp-json\/wp\/v2\/product_tag?post=33160"}],"curies":[{"name":"wp","href":"https:\/\/api.w.org\/{rel}","templated":true}]}}