{"id":33404,"date":"2023-09-20T21:04:17","date_gmt":"2023-09-20T21:04:17","guid":{"rendered":"https:\/\/photographer.lu\/?post_type=product&#038;p=33404"},"modified":"2023-09-28T15:17:33","modified_gmt":"2023-09-28T15:17:33","slug":"luxembourg-fete-nationale-feux-dartifice","status":"publish","type":"product","link":"https:\/\/photographer.lu\/fr\/photo\/luxembourg-fete-nationale-feux-dartifice\/","title":{"rendered":"Feu d&rsquo;artifice de la f\u00eate nationale luxembourgeoise"},"content":{"rendered":"<p>Image <span style=\"color: #008000;\">commerciale<\/span> des feux d&rsquo;artifice de la f\u00eate nationale sur l&rsquo;horizon de la ville de Luxembourg pendant la nuit, avec des maisons anciennes illumin\u00e9es, la cath\u00e9drale Notre-Dame, l&rsquo;abbaye de Neumunster, le chemin de la Corniche et le pont Pfaffenthal.<\/p>\n<p>Cette image est disponible sous licence en t\u00e9l\u00e9chargement num\u00e9rique.<\/p>\n<p>Des tirages limit\u00e9s et des tirages libres sont disponibles.<\/p>\n","protected":false},"excerpt":{"rendered":"<p>Feu d&rsquo;artifice de la f\u00eate nationale au-dessus de la ligne d&rsquo;horizon de la ville de Luxembourg, de nuit<\/p>\n","protected":false},"featured_media":30351,"comment_status":"closed","ping_status":"closed","template":"","meta":{"pgc_sgb_lightbox_settings":""},"product_brand":[],"product_cat":[703,702],"product_tag":[828,831,819,830,817,739,740,833,832,731,834,835,818,718,837,714,705,715,736,838,742,836,839,743,824,732,733,717,744,826,737,713,711,730,816,741,822,712],"class_list":{"0":"post-33404","1":"product","2":"type-product","3":"status-publish","4":"has-post-thumbnail","6":"product_cat-luxembourg-images-fr","7":"product_cat-tirages-dart","8":"product_tag-abbaye-fr","9":"product_tag-abbaye-fr-2","10":"product_tag-abbaye-de-neumunster-fr","11":"product_tag-abbaye-de-neumunster-fr-2","12":"product_tag-architecture-fr","13":"product_tag-capital-fr","14":"product_tag-cathedrale","15":"product_tag-centre-ville","16":"product_tag-eglise","17":"product_tag-eglises","18":"product_tag-feux-dartifice","19":"product_tag-feux-dartifice-au-luxembourg","20":"product_tag-grund-fr","21":"product_tag-iconique","22":"product_tag-illumine","23":"product_tag-images-du-luxembourg","24":"product_tag-imprime","25":"product_tag-letzebuerg-fr","26":"product_tag-ligne-dhorizon","27":"product_tag-lumieres","28":"product_tag-luxembourg-fr","29":"product_tag-maisons","30":"product_tag-neumunster-fr","31":"product_tag-notre-dame-fr","32":"product_tag-nuit","33":"product_tag-paysage-urbain","34":"product_tag-paysages-urbains","35":"product_tag-photoen","36":"product_tag-photographe-luxembourg","37":"product_tag-photographie-de-nuit","38":"product_tag-photographie-du-luxembourg","39":"product_tag-photos-du-luxembourg","40":"product_tag-points-de-repere","41":"product_tag-vieille-ville","42":"product_tag-vieux","43":"product_tag-ville","44":"product_tag-ville-bas-fr","45":"product_tag-ville-de-luxembourg","46":"product_shipping_class-imprimes","48":"first","49":"instock","50":"taxable","51":"shipping-taxable","52":"purchasable","53":"product-type-variable"},"featured_image_urls_v2":{"full":["https:\/\/photographer.lu\/wp-content\/uploads\/2023\/01\/9027-L-IMG-7770-Luxembourg-city-National-Day-fireworks-photographer-photodudau.webp",1200,800,false],"thumbnail":["https:\/\/photographer.lu\/wp-content\/uploads\/2023\/01\/9027-L-IMG-7770-Luxembourg-city-National-Day-fireworks-photographer-photodudau.webp",550,367,false],"medium":["https:\/\/photographer.lu\/wp-content\/uploads\/2023\/01\/9027-L-IMG-7770-Luxembourg-city-National-Day-fireworks-photographer-photodudau.webp",300,200,false],"medium_large":["https:\/\/photographer.lu\/wp-content\/uploads\/2023\/01\/9027-L-IMG-7770-Luxembourg-city-National-Day-fireworks-photographer-photodudau.webp",768,512,false],"large":["https:\/\/photographer.lu\/wp-content\/uploads\/2023\/01\/9027-L-IMG-7770-Luxembourg-city-National-Day-fireworks-photographer-photodudau.webp",1200,800,false],"1536x1536":["https:\/\/photographer.lu\/wp-content\/uploads\/2023\/01\/9027-L-IMG-7770-Luxembourg-city-National-Day-fireworks-photographer-photodudau.webp",1200,800,false],"2048x2048":["https:\/\/photographer.lu\/wp-content\/uploads\/2023\/01\/9027-L-IMG-7770-Luxembourg-city-National-Day-fireworks-photographer-photodudau.webp",1200,800,false],"woocommerce_archive_thumbnail":["https:\/\/photographer.lu\/wp-content\/uploads\/2023\/01\/9027-L-IMG-7770-Luxembourg-city-National-Day-fireworks-photographer-photodudau-600x400.webp",600,400,true],"mailpoet_newsletter_max":["https:\/\/photographer.lu\/wp-content\/uploads\/2023\/01\/9027-L-IMG-7770-Luxembourg-city-National-Day-fireworks-photographer-photodudau.webp",1200,800,false],"woocommerce_thumbnail":["https:\/\/photographer.lu\/wp-content\/uploads\/2023\/01\/9027-L-IMG-7770-Luxembourg-city-National-Day-fireworks-photographer-photodudau-600x400.webp",600,400,true],"woocommerce_single":["https:\/\/photographer.lu\/wp-content\/uploads\/2023\/01\/9027-L-IMG-7770-Luxembourg-city-National-Day-fireworks-photographer-photodudau.webp",1200,800,false],"woocommerce_gallery_thumbnail":["https:\/\/photographer.lu\/wp-content\/uploads\/2023\/01\/9027-L-IMG-7770-Luxembourg-city-National-Day-fireworks-photographer-photodudau-120x120.webp",120,120,true],"jetpack-portfolio-admin-thumb":["https:\/\/photographer.lu\/wp-content\/uploads\/2023\/01\/9027-L-IMG-7770-Luxembourg-city-National-Day-fireworks-photographer-photodudau.webp",50,33,false]},"post_excerpt_stackable_v2":"<p>Feu d&rsquo;artifice de la f\u00eate nationale au-dessus de la ligne d&rsquo;horizon de la ville de Luxembourg, de nuit<\/p>\n","category_list_v2":"","author_info_v2":{"name":"","url":""},"comments_num_v2":"0 commentaire","acf":[],"jetpack_sharing_enabled":true,"_links":{"self":[{"href":"https:\/\/photographer.lu\/fr\/wp-json\/wp\/v2\/product\/33404","targetHints":{"allow":["GET"]}}],"collection":[{"href":"https:\/\/photographer.lu\/fr\/wp-json\/wp\/v2\/product"}],"about":[{"href":"https:\/\/photographer.lu\/fr\/wp-json\/wp\/v2\/types\/product"}],"replies":[{"embeddable":true,"href":"https:\/\/photographer.lu\/fr\/wp-json\/wp\/v2\/comments?post=33404"}],"wp:featuredmedia":[{"embeddable":true,"href":"https:\/\/photographer.lu\/fr\/wp-json\/wp\/v2\/media\/30351"}],"wp:attachment":[{"href":"https:\/\/photographer.lu\/fr\/wp-json\/wp\/v2\/media?parent=33404"}],"wp:term":[{"taxonomy":"product_brand","embeddable":true,"href":"https:\/\/photographer.lu\/fr\/wp-json\/wp\/v2\/product_brand?post=33404"},{"taxonomy":"product_cat","embeddable":true,"href":"https:\/\/photographer.lu\/fr\/wp-json\/wp\/v2\/product_cat?post=33404"},{"taxonomy":"product_tag","embeddable":true,"href":"https:\/\/photographer.lu\/fr\/wp-json\/wp\/v2\/product_tag?post=33404"}],"curies":[{"name":"wp","href":"https:\/\/api.w.org\/{rel}","templated":true}]}}