{"id":33520,"date":"2023-09-20T21:27:39","date_gmt":"2023-09-20T21:27:39","guid":{"rendered":"https:\/\/photographer.lu\/?post_type=product&#038;p=33520"},"modified":"2023-09-28T13:27:00","modified_gmt":"2023-09-28T13:27:00","slug":"luxembourg-ville-sunset-pfaffenthal-valley","status":"publish","type":"product","link":"https:\/\/photographer.lu\/fr\/photo\/luxembourg-ville-sunset-pfaffenthal-valley\/","title":{"rendered":"Coucher de soleil sur la ville de Luxembourg et la vall\u00e9e du Pfaffenthal"},"content":{"rendered":"<p>Photo <span style=\"color: #339966;\">commerciale<\/span> de nuit d&rsquo;un coucher de soleil sur le paysage urbain de Luxembourg, vue sur la vall\u00e9e du Pfaffenthal et le train circulant sur le pont Pulvermuhl en direction de l&rsquo;horizon de la ville de Luxembourg avec les casemates du Bock, l&rsquo;\u00e9glise Saint-Michel et la cath\u00e9drale Notre-Dame.<\/p>\n<p>Cette image est disponible sous licence en t\u00e9l\u00e9chargement num\u00e9rique.<\/p>\n<p>Des tirages limit\u00e9s et des tirages libres sont disponibles.<\/p>\n","protected":false},"excerpt":{"rendered":"<p>Coucher de soleil sur le paysage urbain de Luxembourg, vue sur la vall\u00e9e du Pfaffenthal et train circulant sur le pont de Pulvermuhl en direction de l&rsquo;horizon de la ville de Luxembourg.<\/p>\n<p><img decoding=\"async\" class=\"alignnone size-full wp-image-22578\" src=\"https:\/\/photographer.lu\/wp-content\/uploads\/2022\/10\/payment-methods-luxembourg.webp\" alt=\"les m\u00e9thodes de paiement\" width=\"581\" height=\"40\" srcset=\"https:\/\/photographer.lu\/wp-content\/uploads\/2022\/10\/payment-methods-luxembourg.webp 581w, https:\/\/photographer.lu\/wp-content\/uploads\/2022\/10\/payment-methods-luxembourg-300x21.webp 300w, https:\/\/photographer.lu\/wp-content\/uploads\/2022\/10\/payment-methods-luxembourg-550x38.webp 550w\" sizes=\"(max-width: 581px) 100vw, 581px\" \/><\/p>\n","protected":false},"featured_media":30375,"comment_status":"closed","ping_status":"closed","template":"","meta":{"pgc_sgb_lightbox_settings":""},"product_brand":[],"product_cat":[703,702],"product_tag":[817,739,1099,1207,1209,833,1553,1299,818,718,714,705,715,736,838,1363,742,1143,824,732,733,1551,717,744,826,737,713,711,916,1552,735,738,730,741,712],"class_list":{"0":"post-33520","1":"product","2":"type-product","3":"status-publish","4":"has-post-thumbnail","6":"product_cat-luxembourg-images-fr","7":"product_cat-tirages-dart","8":"product_tag-architecture-fr","9":"product_tag-capital-fr","10":"product_tag-casemates-bock","11":"product_tag-center-fr","12":"product_tag-centre-fr","13":"product_tag-centre-ville","14":"product_tag-couchers-de-soleil","15":"product_tag-fotos-fr","16":"product_tag-grund-fr","17":"product_tag-iconique","18":"product_tag-images-du-luxembourg","19":"product_tag-imprime","20":"product_tag-letzebuerg-fr","21":"product_tag-ligne-dhorizon","22":"product_tag-lumieres","23":"product_tag-lumieres-de-la-ville","24":"product_tag-luxembourg-fr","25":"product_tag-luxembourg-ville-fr","26":"product_tag-nuit","27":"product_tag-paysage-urbain","28":"product_tag-paysages-urbains","29":"product_tag-pfaffenthal-fr","30":"product_tag-photoen","31":"product_tag-photographe-luxembourg","32":"product_tag-photographie-de-nuit","33":"product_tag-photographie-du-luxembourg","34":"product_tag-photos-du-luxembourg","35":"product_tag-points-de-repere","36":"product_tag-pont-du-chateau","37":"product_tag-pulvermuhl-fr","38":"product_tag-saint-michel-fr-2","39":"product_tag-st-michael-fr","40":"product_tag-vieille-ville","41":"product_tag-ville","42":"product_tag-ville-de-luxembourg","43":"product_shipping_class-imprimes","45":"first","46":"instock","47":"taxable","48":"shipping-taxable","49":"purchasable","50":"product-type-variable"},"featured_image_urls_v2":{"full":["https:\/\/photographer.lu\/wp-content\/uploads\/2023\/01\/9029-L-VIO-8836-Luxembourg-city-skyline-sunset-Pfaffenthal-photodudau.webp",1200,802,false],"thumbnail":["https:\/\/photographer.lu\/wp-content\/uploads\/2023\/01\/9029-L-VIO-8836-Luxembourg-city-skyline-sunset-Pfaffenthal-photodudau.webp",550,368,false],"medium":["https:\/\/photographer.lu\/wp-content\/uploads\/2023\/01\/9029-L-VIO-8836-Luxembourg-city-skyline-sunset-Pfaffenthal-photodudau.webp",300,201,false],"medium_large":["https:\/\/photographer.lu\/wp-content\/uploads\/2023\/01\/9029-L-VIO-8836-Luxembourg-city-skyline-sunset-Pfaffenthal-photodudau.webp",768,513,false],"large":["https:\/\/photographer.lu\/wp-content\/uploads\/2023\/01\/9029-L-VIO-8836-Luxembourg-city-skyline-sunset-Pfaffenthal-photodudau.webp",1200,802,false],"1536x1536":["https:\/\/photographer.lu\/wp-content\/uploads\/2023\/01\/9029-L-VIO-8836-Luxembourg-city-skyline-sunset-Pfaffenthal-photodudau.webp",1200,802,false],"2048x2048":["https:\/\/photographer.lu\/wp-content\/uploads\/2023\/01\/9029-L-VIO-8836-Luxembourg-city-skyline-sunset-Pfaffenthal-photodudau.webp",1200,802,false],"woocommerce_archive_thumbnail":["https:\/\/photographer.lu\/wp-content\/uploads\/2023\/01\/9029-L-VIO-8836-Luxembourg-city-skyline-sunset-Pfaffenthal-photodudau-600x401.webp",600,401,true],"mailpoet_newsletter_max":["https:\/\/photographer.lu\/wp-content\/uploads\/2023\/01\/9029-L-VIO-8836-Luxembourg-city-skyline-sunset-Pfaffenthal-photodudau.webp",1200,802,false],"woocommerce_thumbnail":["https:\/\/photographer.lu\/wp-content\/uploads\/2023\/01\/9029-L-VIO-8836-Luxembourg-city-skyline-sunset-Pfaffenthal-photodudau-600x401.webp",600,401,true],"woocommerce_single":["https:\/\/photographer.lu\/wp-content\/uploads\/2023\/01\/9029-L-VIO-8836-Luxembourg-city-skyline-sunset-Pfaffenthal-photodudau.webp",1200,802,false],"woocommerce_gallery_thumbnail":["https:\/\/photographer.lu\/wp-content\/uploads\/2023\/01\/9029-L-VIO-8836-Luxembourg-city-skyline-sunset-Pfaffenthal-photodudau-120x120.webp",120,120,true],"jetpack-portfolio-admin-thumb":["https:\/\/photographer.lu\/wp-content\/uploads\/2023\/01\/9029-L-VIO-8836-Luxembourg-city-skyline-sunset-Pfaffenthal-photodudau.webp",50,33,false]},"post_excerpt_stackable_v2":"<p>Coucher de soleil sur le paysage urbain de Luxembourg, vue sur la vall\u00e9e du Pfaffenthal et train circulant sur le pont de Pulvermuhl en direction de l&rsquo;horizon de la ville de Luxembourg.<\/p>\n<p><img decoding=\"async\" class=\"alignnone size-full wp-image-22578\" src=\"https:\/\/photographer.lu\/wp-content\/uploads\/2022\/10\/payment-methods-luxembourg.webp\" alt=\"les m\u00e9thodes de paiement\" width=\"581\" height=\"40\" srcset=\"https:\/\/photographer.lu\/wp-content\/uploads\/2022\/10\/payment-methods-luxembourg.webp 581w, https:\/\/photographer.lu\/wp-content\/uploads\/2022\/10\/payment-methods-luxembourg-300x21.webp 300w, https:\/\/photographer.lu\/wp-content\/uploads\/2022\/10\/payment-methods-luxembourg-550x38.webp 550w\" sizes=\"(max-width: 581px) 100vw, 581px\" \/><\/p>\n","category_list_v2":"","author_info_v2":{"name":"","url":""},"comments_num_v2":"0 commentaire","acf":[],"jetpack_sharing_enabled":true,"_links":{"self":[{"href":"https:\/\/photographer.lu\/fr\/wp-json\/wp\/v2\/product\/33520","targetHints":{"allow":["GET"]}}],"collection":[{"href":"https:\/\/photographer.lu\/fr\/wp-json\/wp\/v2\/product"}],"about":[{"href":"https:\/\/photographer.lu\/fr\/wp-json\/wp\/v2\/types\/product"}],"replies":[{"embeddable":true,"href":"https:\/\/photographer.lu\/fr\/wp-json\/wp\/v2\/comments?post=33520"}],"wp:featuredmedia":[{"embeddable":true,"href":"https:\/\/photographer.lu\/fr\/wp-json\/wp\/v2\/media\/30375"}],"wp:attachment":[{"href":"https:\/\/photographer.lu\/fr\/wp-json\/wp\/v2\/media?parent=33520"}],"wp:term":[{"taxonomy":"product_brand","embeddable":true,"href":"https:\/\/photographer.lu\/fr\/wp-json\/wp\/v2\/product_brand?post=33520"},{"taxonomy":"product_cat","embeddable":true,"href":"https:\/\/photographer.lu\/fr\/wp-json\/wp\/v2\/product_cat?post=33520"},{"taxonomy":"product_tag","embeddable":true,"href":"https:\/\/photographer.lu\/fr\/wp-json\/wp\/v2\/product_tag?post=33520"}],"curies":[{"name":"wp","href":"https:\/\/api.w.org\/{rel}","templated":true}]}}