{"id":33992,"date":"2023-09-17T22:27:29","date_gmt":"2023-09-17T22:27:29","guid":{"rendered":"https:\/\/photographer.lu\/?post_type=product&#038;p=33992"},"modified":"2023-09-28T13:18:54","modified_gmt":"2023-09-28T13:18:54","slug":"mairie-de-mamer-castle","status":"publish","type":"product","link":"https:\/\/photographer.lu\/fr\/photo\/mairie-de-mamer-castle\/","title":{"rendered":"Ch\u00e2teau et h\u00f4tel de ville de Mamer"},"content":{"rendered":"<p>Photo <span style=\"color: #008000;\">commerciale<\/span> du ch\u00e2teau de Mamer, aujourd&rsquo;hui h\u00f4tel de ville et b\u00e2timent administratif de la commune, dans la ville de Mamer, Luxembourg, avec le monument Barthel-Frantz, une sculpture \u00e0 la m\u00e9moire des athl\u00e8tes luxembourgeois Josy Barthel et Nicolas Frantz, au coucher du soleil.<\/p>\n<p>Cette image est disponible sous licence en t\u00e9l\u00e9chargement num\u00e9rique.<\/p>\n<p>Des tirages limit\u00e9s et des tirages libres sont disponibles.<\/p>\n","protected":false},"excerpt":{"rendered":"<p>Ch\u00e2teau de Mamer, h\u00f4tel de ville de Mamer, Luxembourg, au coucher du soleil<\/p>\n","protected":false},"featured_media":30480,"comment_status":"closed","ping_status":"closed","template":"","meta":{"pgc_sgb_lightbox_settings":""},"product_brand":[],"product_cat":[703,702],"product_tag":[1472,1036,714,705,709,715,1471,717,737,713,711,1061],"class_list":{"0":"post-33992","1":"product","2":"type-product","3":"status-publish","4":"has-post-thumbnail","6":"product_cat-luxembourg-images-fr","7":"product_cat-tirages-dart","8":"product_tag-chateau-de-mamer","9":"product_tag-chateaux","10":"product_tag-images-du-luxembourg","11":"product_tag-imprime","12":"product_tag-le-grand-duche-de-luxembourg","13":"product_tag-letzebuerg-fr","14":"product_tag-mamer-fr","15":"product_tag-photoen","16":"product_tag-photographie-du-luxembourg","17":"product_tag-photos-du-luxembourg","18":"product_tag-points-de-repere","19":"product_tag-villes","20":"product_shipping_class-imprimes","22":"first","23":"instock","24":"taxable","25":"shipping-taxable","26":"purchasable","27":"product-type-variable","28":"has-default-attributes"},"featured_image_urls_v2":{"full":["https:\/\/photographer.lu\/wp-content\/uploads\/2023\/01\/9060-L-IMG-9376-Mamer-Castle-Town-Hall-PhotoDudau.webp",1200,798,false],"thumbnail":["https:\/\/photographer.lu\/wp-content\/uploads\/2023\/01\/9060-L-IMG-9376-Mamer-Castle-Town-Hall-PhotoDudau.webp",550,366,false],"medium":["https:\/\/photographer.lu\/wp-content\/uploads\/2023\/01\/9060-L-IMG-9376-Mamer-Castle-Town-Hall-PhotoDudau.webp",300,200,false],"medium_large":["https:\/\/photographer.lu\/wp-content\/uploads\/2023\/01\/9060-L-IMG-9376-Mamer-Castle-Town-Hall-PhotoDudau.webp",768,511,false],"large":["https:\/\/photographer.lu\/wp-content\/uploads\/2023\/01\/9060-L-IMG-9376-Mamer-Castle-Town-Hall-PhotoDudau.webp",1200,798,false],"1536x1536":["https:\/\/photographer.lu\/wp-content\/uploads\/2023\/01\/9060-L-IMG-9376-Mamer-Castle-Town-Hall-PhotoDudau.webp",1200,798,false],"2048x2048":["https:\/\/photographer.lu\/wp-content\/uploads\/2023\/01\/9060-L-IMG-9376-Mamer-Castle-Town-Hall-PhotoDudau.webp",1200,798,false],"woocommerce_archive_thumbnail":["https:\/\/photographer.lu\/wp-content\/uploads\/2023\/01\/9060-L-IMG-9376-Mamer-Castle-Town-Hall-PhotoDudau-600x399.webp",600,399,true],"mailpoet_newsletter_max":["https:\/\/photographer.lu\/wp-content\/uploads\/2023\/01\/9060-L-IMG-9376-Mamer-Castle-Town-Hall-PhotoDudau.webp",1200,798,false],"woocommerce_thumbnail":["https:\/\/photographer.lu\/wp-content\/uploads\/2023\/01\/9060-L-IMG-9376-Mamer-Castle-Town-Hall-PhotoDudau-600x399.webp",600,399,true],"woocommerce_single":["https:\/\/photographer.lu\/wp-content\/uploads\/2023\/01\/9060-L-IMG-9376-Mamer-Castle-Town-Hall-PhotoDudau.webp",1200,798,false],"woocommerce_gallery_thumbnail":["https:\/\/photographer.lu\/wp-content\/uploads\/2023\/01\/9060-L-IMG-9376-Mamer-Castle-Town-Hall-PhotoDudau-120x120.webp",120,120,true],"jetpack-portfolio-admin-thumb":["https:\/\/photographer.lu\/wp-content\/uploads\/2023\/01\/9060-L-IMG-9376-Mamer-Castle-Town-Hall-PhotoDudau.webp",50,33,false]},"post_excerpt_stackable_v2":"<p>Ch\u00e2teau de Mamer, h\u00f4tel de ville de Mamer, Luxembourg, au coucher du soleil<\/p>\n","category_list_v2":"","author_info_v2":{"name":"","url":""},"comments_num_v2":"0 commentaire","acf":[],"jetpack_sharing_enabled":true,"_links":{"self":[{"href":"https:\/\/photographer.lu\/fr\/wp-json\/wp\/v2\/product\/33992","targetHints":{"allow":["GET"]}}],"collection":[{"href":"https:\/\/photographer.lu\/fr\/wp-json\/wp\/v2\/product"}],"about":[{"href":"https:\/\/photographer.lu\/fr\/wp-json\/wp\/v2\/types\/product"}],"replies":[{"embeddable":true,"href":"https:\/\/photographer.lu\/fr\/wp-json\/wp\/v2\/comments?post=33992"}],"wp:featuredmedia":[{"embeddable":true,"href":"https:\/\/photographer.lu\/fr\/wp-json\/wp\/v2\/media\/30480"}],"wp:attachment":[{"href":"https:\/\/photographer.lu\/fr\/wp-json\/wp\/v2\/media?parent=33992"}],"wp:term":[{"taxonomy":"product_brand","embeddable":true,"href":"https:\/\/photographer.lu\/fr\/wp-json\/wp\/v2\/product_brand?post=33992"},{"taxonomy":"product_cat","embeddable":true,"href":"https:\/\/photographer.lu\/fr\/wp-json\/wp\/v2\/product_cat?post=33992"},{"taxonomy":"product_tag","embeddable":true,"href":"https:\/\/photographer.lu\/fr\/wp-json\/wp\/v2\/product_tag?post=33992"}],"curies":[{"name":"wp","href":"https:\/\/api.w.org\/{rel}","templated":true}]}}