{"id":34108,"date":"2023-09-20T23:11:27","date_gmt":"2023-09-20T23:11:27","guid":{"rendered":"https:\/\/photographer.lu\/?post_type=product&#038;p=34108"},"modified":"2024-10-23T09:51:53","modified_gmt":"2024-10-23T09:51:53","slug":"nuit-luxembourg-ville","status":"publish","type":"product","link":"https:\/\/photographer.lu\/fr\/photo\/nuit-luxembourg-ville\/","title":{"rendered":"Nuit \u00e0 Luxembourg"},"content":{"rendered":"<p>Photo <span style=\"color: #339966;\">commerciale<\/span> de la cath\u00e9drale Notre Dame \u00e0 Luxembourg la nuit avec des traces de feux de circulation.<\/p>\n<p>Cette image est disponible sous forme de t\u00e9l\u00e9chargement num\u00e9rique.<\/p>\n<p>Des tirages en \u00e9dition limit\u00e9e et en \u00e9dition libre sont disponibles.<\/p>\n","protected":false},"excerpt":{"rendered":"<p>Cath\u00e9drale Notre Dame \u00e0 Luxembourg la nuit avec les feux de signalisation.<\/p>\n<p><img decoding=\"async\" class=\"alignnone size-full wp-image-22578\" src=\"https:\/\/photographer.lu\/wp-content\/uploads\/2022\/10\/payment-methods-luxembourg.webp\" alt=\"les m\u00e9thodes de paiement\" width=\"581\" height=\"40\" srcset=\"https:\/\/photographer.lu\/wp-content\/uploads\/2022\/10\/payment-methods-luxembourg.webp 581w, https:\/\/photographer.lu\/wp-content\/uploads\/2022\/10\/payment-methods-luxembourg-300x21.webp 300w, https:\/\/photographer.lu\/wp-content\/uploads\/2022\/10\/payment-methods-luxembourg-550x38.webp 550w\" sizes=\"(max-width: 581px) 100vw, 581px\" \/><\/p>\n","protected":false},"featured_media":30495,"comment_status":"closed","ping_status":"closed","template":"","meta":{"pgc_sgb_lightbox_settings":""},"product_brand":[],"product_cat":[703,702],"product_tag":[817,739,1207,1209,833,1553,1299,718,714,705,715,736,838,1363,742,1143,824,732,733,717,744,826,737,713,711,730,741,712],"class_list":{"0":"post-34108","1":"product","2":"type-product","3":"status-publish","4":"has-post-thumbnail","6":"product_cat-luxembourg-images-fr","7":"product_cat-tirages-dart","8":"product_tag-architecture-fr","9":"product_tag-capital-fr","10":"product_tag-center-fr","11":"product_tag-centre-fr","12":"product_tag-centre-ville","13":"product_tag-couchers-de-soleil","14":"product_tag-fotos-fr","15":"product_tag-iconique","16":"product_tag-images-du-luxembourg","17":"product_tag-imprime","18":"product_tag-letzebuerg-fr","19":"product_tag-ligne-dhorizon","20":"product_tag-lumieres","21":"product_tag-lumieres-de-la-ville","22":"product_tag-luxembourg-fr","23":"product_tag-luxembourg-ville-fr","24":"product_tag-nuit","25":"product_tag-paysage-urbain","26":"product_tag-paysages-urbains","27":"product_tag-photoen","28":"product_tag-photographe-luxembourg","29":"product_tag-photographie-de-nuit","30":"product_tag-photographie-du-luxembourg","31":"product_tag-photos-du-luxembourg","32":"product_tag-points-de-repere","33":"product_tag-vieille-ville","34":"product_tag-ville","35":"product_tag-ville-de-luxembourg","36":"product_shipping_class-imprimes","38":"first","39":"instock","40":"taxable","41":"shipping-taxable","42":"purchasable","43":"product-type-variable"},"featured_image_urls_v2":{"full":["https:\/\/photographer.lu\/wp-content\/uploads\/2023\/01\/9091-L-IMG-6763-Luxembourg-city-night-Notre-Dame-photodudau.webp",1200,800,false],"thumbnail":["https:\/\/photographer.lu\/wp-content\/uploads\/2023\/01\/9091-L-IMG-6763-Luxembourg-city-night-Notre-Dame-photodudau.webp",550,367,false],"medium":["https:\/\/photographer.lu\/wp-content\/uploads\/2023\/01\/9091-L-IMG-6763-Luxembourg-city-night-Notre-Dame-photodudau.webp",300,200,false],"medium_large":["https:\/\/photographer.lu\/wp-content\/uploads\/2023\/01\/9091-L-IMG-6763-Luxembourg-city-night-Notre-Dame-photodudau.webp",768,512,false],"large":["https:\/\/photographer.lu\/wp-content\/uploads\/2023\/01\/9091-L-IMG-6763-Luxembourg-city-night-Notre-Dame-photodudau.webp",1200,800,false],"1536x1536":["https:\/\/photographer.lu\/wp-content\/uploads\/2023\/01\/9091-L-IMG-6763-Luxembourg-city-night-Notre-Dame-photodudau.webp",1200,800,false],"2048x2048":["https:\/\/photographer.lu\/wp-content\/uploads\/2023\/01\/9091-L-IMG-6763-Luxembourg-city-night-Notre-Dame-photodudau.webp",1200,800,false],"woocommerce_archive_thumbnail":["https:\/\/photographer.lu\/wp-content\/uploads\/2023\/01\/9091-L-IMG-6763-Luxembourg-city-night-Notre-Dame-photodudau-600x400.webp",600,400,true],"mailpoet_newsletter_max":["https:\/\/photographer.lu\/wp-content\/uploads\/2023\/01\/9091-L-IMG-6763-Luxembourg-city-night-Notre-Dame-photodudau.webp",1200,800,false],"woocommerce_thumbnail":["https:\/\/photographer.lu\/wp-content\/uploads\/2023\/01\/9091-L-IMG-6763-Luxembourg-city-night-Notre-Dame-photodudau-600x400.webp",600,400,true],"woocommerce_single":["https:\/\/photographer.lu\/wp-content\/uploads\/2023\/01\/9091-L-IMG-6763-Luxembourg-city-night-Notre-Dame-photodudau.webp",1200,800,false],"woocommerce_gallery_thumbnail":["https:\/\/photographer.lu\/wp-content\/uploads\/2023\/01\/9091-L-IMG-6763-Luxembourg-city-night-Notre-Dame-photodudau-120x120.webp",120,120,true],"jetpack-portfolio-admin-thumb":["https:\/\/photographer.lu\/wp-content\/uploads\/2023\/01\/9091-L-IMG-6763-Luxembourg-city-night-Notre-Dame-photodudau.webp",50,33,false]},"post_excerpt_stackable_v2":"<p>Cath\u00e9drale Notre Dame \u00e0 Luxembourg la nuit avec les feux de signalisation.<\/p>\n<p><img decoding=\"async\" class=\"alignnone size-full wp-image-22578\" src=\"https:\/\/photographer.lu\/wp-content\/uploads\/2022\/10\/payment-methods-luxembourg.webp\" alt=\"les m\u00e9thodes de paiement\" width=\"581\" height=\"40\" srcset=\"https:\/\/photographer.lu\/wp-content\/uploads\/2022\/10\/payment-methods-luxembourg.webp 581w, https:\/\/photographer.lu\/wp-content\/uploads\/2022\/10\/payment-methods-luxembourg-300x21.webp 300w, https:\/\/photographer.lu\/wp-content\/uploads\/2022\/10\/payment-methods-luxembourg-550x38.webp 550w\" sizes=\"(max-width: 581px) 100vw, 581px\" \/><\/p>\n","category_list_v2":"","author_info_v2":{"name":"","url":""},"comments_num_v2":"0 commentaire","acf":[],"jetpack_sharing_enabled":true,"_links":{"self":[{"href":"https:\/\/photographer.lu\/fr\/wp-json\/wp\/v2\/product\/34108","targetHints":{"allow":["GET"]}}],"collection":[{"href":"https:\/\/photographer.lu\/fr\/wp-json\/wp\/v2\/product"}],"about":[{"href":"https:\/\/photographer.lu\/fr\/wp-json\/wp\/v2\/types\/product"}],"replies":[{"embeddable":true,"href":"https:\/\/photographer.lu\/fr\/wp-json\/wp\/v2\/comments?post=34108"}],"wp:featuredmedia":[{"embeddable":true,"href":"https:\/\/photographer.lu\/fr\/wp-json\/wp\/v2\/media\/30495"}],"wp:attachment":[{"href":"https:\/\/photographer.lu\/fr\/wp-json\/wp\/v2\/media?parent=34108"}],"wp:term":[{"taxonomy":"product_brand","embeddable":true,"href":"https:\/\/photographer.lu\/fr\/wp-json\/wp\/v2\/product_brand?post=34108"},{"taxonomy":"product_cat","embeddable":true,"href":"https:\/\/photographer.lu\/fr\/wp-json\/wp\/v2\/product_cat?post=34108"},{"taxonomy":"product_tag","embeddable":true,"href":"https:\/\/photographer.lu\/fr\/wp-json\/wp\/v2\/product_tag?post=34108"}],"curies":[{"name":"wp","href":"https:\/\/api.w.org\/{rel}","templated":true}]}}