{"id":34794,"date":"2022-11-30T10:50:45","date_gmt":"2022-11-30T10:50:45","guid":{"rendered":"https:\/\/photographer.lu\/?post_type=product&#038;p=34794"},"modified":"2024-12-13T00:00:54","modified_gmt":"2024-12-13T00:00:54","slug":"puzzle-luxembourg-1000-pieces-copy","status":"publish","type":"product","link":"https:\/\/photographer.lu\/fr\/photo\/puzzle-luxembourg-1000-pieces-copy\/","title":{"rendered":"Nuit au Luxembourg puzzle 1000 pi\u00e8ces"},"content":{"rendered":"<p>Puzzle Nuit au Luxembourg de 1000 pi\u00e8ces. Un cadeau parfait pour quelqu&rsquo;un qui aime (ou vient d&rsquo;arriver au) Luxembourg, de tout \u00e2ge (5-99) ! Taille de l&rsquo;image assembl\u00e9e : 65 x 45 cm. Livr\u00e9 d\u00e9mont\u00e9, dans une bo\u00eete.<\/p>\n","protected":false},"excerpt":{"rendered":"<p>Puzzle de la nuit \u00e0 Luxembourg en 1000 pi\u00e8ces. Un cadeau parfait pour quelqu&rsquo;un qui aime le Luxembourg !<\/p>\n<p><img decoding=\"async\" class=\"alignnone size-full wp-image-22578\" src=\"https:\/\/photographer.lu\/wp-content\/uploads\/2022\/10\/payment-methods-luxembourg.webp\" alt=\"les m\u00e9thodes de paiement\" width=\"581\" height=\"40\" srcset=\"https:\/\/photographer.lu\/wp-content\/uploads\/2022\/10\/payment-methods-luxembourg.webp 581w, https:\/\/photographer.lu\/wp-content\/uploads\/2022\/10\/payment-methods-luxembourg-300x21.webp 300w, https:\/\/photographer.lu\/wp-content\/uploads\/2022\/10\/payment-methods-luxembourg-550x38.webp 550w\" sizes=\"(max-width: 581px) 100vw, 581px\" \/><\/p>\n","protected":false},"featured_media":34797,"comment_status":"open","ping_status":"closed","template":"","meta":{"pgc_sgb_lightbox_settings":""},"product_brand":[],"product_cat":[627],"product_tag":[1035,1201,1576,712],"class_list":{"0":"post-34794","1":"product","2":"type-product","3":"status-publish","4":"has-post-thumbnail","6":"product_cat-cadeaux-luxembourgeois","7":"product_tag-cadeaux","8":"product_tag-puzzle-fr","9":"product_tag-puzzle-luxembourgeois","10":"product_tag-ville-de-luxembourg","11":"product_shipping_class-cadeaux","13":"first","14":"outofstock","15":"taxable","16":"shipping-taxable","17":"purchasable","18":"product-type-simple"},"featured_image_urls_v2":{"full":["https:\/\/photographer.lu\/wp-content\/uploads\/2024\/12\/Luxembourg_puzzle_1000_pieces-night-photodudau-.webp",1200,812,false],"thumbnail":["https:\/\/photographer.lu\/wp-content\/uploads\/2024\/12\/Luxembourg_puzzle_1000_pieces-night-photodudau--550x372.webp",550,372,true],"medium":["https:\/\/photographer.lu\/wp-content\/uploads\/2024\/12\/Luxembourg_puzzle_1000_pieces-night-photodudau--300x203.webp",300,203,true],"medium_large":["https:\/\/photographer.lu\/wp-content\/uploads\/2024\/12\/Luxembourg_puzzle_1000_pieces-night-photodudau--768x520.webp",768,520,true],"large":["https:\/\/photographer.lu\/wp-content\/uploads\/2024\/12\/Luxembourg_puzzle_1000_pieces-night-photodudau-.webp",1200,812,false],"1536x1536":["https:\/\/photographer.lu\/wp-content\/uploads\/2024\/12\/Luxembourg_puzzle_1000_pieces-night-photodudau-.webp",1200,812,false],"2048x2048":["https:\/\/photographer.lu\/wp-content\/uploads\/2024\/12\/Luxembourg_puzzle_1000_pieces-night-photodudau-.webp",1200,812,false],"woocommerce_archive_thumbnail":["https:\/\/photographer.lu\/wp-content\/uploads\/2024\/12\/Luxembourg_puzzle_1000_pieces-night-photodudau--600x406.webp",600,406,true],"mailpoet_newsletter_max":["https:\/\/photographer.lu\/wp-content\/uploads\/2024\/12\/Luxembourg_puzzle_1000_pieces-night-photodudau-.webp",1200,812,false],"woocommerce_thumbnail":["https:\/\/photographer.lu\/wp-content\/uploads\/2024\/12\/Luxembourg_puzzle_1000_pieces-night-photodudau--600x406.webp",600,406,true],"woocommerce_single":["https:\/\/photographer.lu\/wp-content\/uploads\/2024\/12\/Luxembourg_puzzle_1000_pieces-night-photodudau-.webp",1200,812,false],"woocommerce_gallery_thumbnail":["https:\/\/photographer.lu\/wp-content\/uploads\/2024\/12\/Luxembourg_puzzle_1000_pieces-night-photodudau--120x120.webp",120,120,true],"jetpack-portfolio-admin-thumb":["https:\/\/photographer.lu\/wp-content\/uploads\/2024\/12\/Luxembourg_puzzle_1000_pieces-night-photodudau--50x50.webp",50,50,true]},"post_excerpt_stackable_v2":"<p>Puzzle de la nuit \u00e0 Luxembourg en 1000 pi\u00e8ces. Un cadeau parfait pour quelqu&rsquo;un qui aime le Luxembourg !<\/p>\n<p><img decoding=\"async\" class=\"alignnone size-full wp-image-22578\" src=\"https:\/\/photographer.lu\/wp-content\/uploads\/2022\/10\/payment-methods-luxembourg.webp\" alt=\"les m\u00e9thodes de paiement\" width=\"581\" height=\"40\" srcset=\"https:\/\/photographer.lu\/wp-content\/uploads\/2022\/10\/payment-methods-luxembourg.webp 581w, https:\/\/photographer.lu\/wp-content\/uploads\/2022\/10\/payment-methods-luxembourg-300x21.webp 300w, https:\/\/photographer.lu\/wp-content\/uploads\/2022\/10\/payment-methods-luxembourg-550x38.webp 550w\" sizes=\"(max-width: 581px) 100vw, 581px\" \/><\/p>\n","category_list_v2":"","author_info_v2":{"name":"","url":""},"comments_num_v2":"0 commentaire","acf":[],"jetpack_sharing_enabled":true,"_links":{"self":[{"href":"https:\/\/photographer.lu\/fr\/wp-json\/wp\/v2\/product\/34794","targetHints":{"allow":["GET"]}}],"collection":[{"href":"https:\/\/photographer.lu\/fr\/wp-json\/wp\/v2\/product"}],"about":[{"href":"https:\/\/photographer.lu\/fr\/wp-json\/wp\/v2\/types\/product"}],"replies":[{"embeddable":true,"href":"https:\/\/photographer.lu\/fr\/wp-json\/wp\/v2\/comments?post=34794"}],"wp:featuredmedia":[{"embeddable":true,"href":"https:\/\/photographer.lu\/fr\/wp-json\/wp\/v2\/media\/34797"}],"wp:attachment":[{"href":"https:\/\/photographer.lu\/fr\/wp-json\/wp\/v2\/media?parent=34794"}],"wp:term":[{"taxonomy":"product_brand","embeddable":true,"href":"https:\/\/photographer.lu\/fr\/wp-json\/wp\/v2\/product_brand?post=34794"},{"taxonomy":"product_cat","embeddable":true,"href":"https:\/\/photographer.lu\/fr\/wp-json\/wp\/v2\/product_cat?post=34794"},{"taxonomy":"product_tag","embeddable":true,"href":"https:\/\/photographer.lu\/fr\/wp-json\/wp\/v2\/product_tag?post=34794"}],"curies":[{"name":"wp","href":"https:\/\/api.w.org\/{rel}","templated":true}]}}