{"id":35128,"date":"2026-05-06T05:47:58","date_gmt":"2026-05-06T05:47:58","guid":{"rendered":"https:\/\/photographer.lu\/?post_type=product&#038;p=35128"},"modified":"2026-05-06T05:57:30","modified_gmt":"2026-05-06T05:57:30","slug":"paiement-1650","status":"publish","type":"product","link":"https:\/\/photographer.lu\/fr\/photo\/paiement-1650\/","title":{"rendered":"Paiement 1650"},"content":{"rendered":"<p>Paiement de 1650 E.<\/p>\n","protected":false},"excerpt":{"rendered":"<p>Paiement de 1650 E, TVA incluse. Si vous devez payer 1650 euros pour un \u00e9v\u00e9nement ou un produit, vous pouvez payer ici avec diff\u00e9rentes m\u00e9thodes de paiement. Ajoutez au panier et passez \u00e0 la caisse pour le paiement.<\/p>\n<p><img decoding=\"async\" class=\"alignnone size-full wp-image-22578\" src=\"https:\/\/photographer.lu\/wp-content\/uploads\/2022\/10\/payment-methods-luxembourg.webp\" alt=\"les modes de paiement\" width=\"581\" height=\"40\" srcset=\"https:\/\/photographer.lu\/wp-content\/uploads\/2022\/10\/payment-methods-luxembourg.webp 581w, https:\/\/photographer.lu\/wp-content\/uploads\/2022\/10\/payment-methods-luxembourg-300x21.webp 300w, https:\/\/photographer.lu\/wp-content\/uploads\/2022\/10\/payment-methods-luxembourg-550x38.webp 550w\" sizes=\"(max-width: 581px) 100vw, 581px\" \/><\/p>\n<p>&nbsp;<\/p>\n","protected":false},"featured_media":22032,"comment_status":"closed","ping_status":"closed","template":"","meta":{"pgc_sgb_lightbox_settings":""},"product_brand":[],"product_cat":[702],"product_tag":[],"class_list":{"0":"post-35128","1":"product","2":"type-product","3":"status-publish","4":"has-post-thumbnail","6":"product_cat-tirages-dart","8":"first","9":"instock","10":"virtual","11":"taxable","12":"purchasable","13":"product-type-simple"},"featured_image_urls_v2":{"full":["https:\/\/photographer.lu\/wp-content\/uploads\/2022\/10\/photo-events_PhotoDudau.webp",800,544,false],"thumbnail":["https:\/\/photographer.lu\/wp-content\/uploads\/2022\/10\/photo-events_PhotoDudau-550x374.webp",550,374,true],"medium":["https:\/\/photographer.lu\/wp-content\/uploads\/2022\/10\/photo-events_PhotoDudau-300x204.webp",300,204,true],"medium_large":["https:\/\/photographer.lu\/wp-content\/uploads\/2022\/10\/photo-events_PhotoDudau-768x522.webp",768,522,true],"large":["https:\/\/photographer.lu\/wp-content\/uploads\/2022\/10\/photo-events_PhotoDudau.webp",800,544,false],"1536x1536":["https:\/\/photographer.lu\/wp-content\/uploads\/2022\/10\/photo-events_PhotoDudau.webp",800,544,false],"2048x2048":["https:\/\/photographer.lu\/wp-content\/uploads\/2022\/10\/photo-events_PhotoDudau.webp",800,544,false],"woocommerce_archive_thumbnail":["https:\/\/photographer.lu\/wp-content\/uploads\/2022\/10\/photo-events_PhotoDudau-600x408.webp",600,408,true],"mailpoet_newsletter_max":["https:\/\/photographer.lu\/wp-content\/uploads\/2022\/10\/photo-events_PhotoDudau.webp",800,544,false],"woocommerce_thumbnail":["https:\/\/photographer.lu\/wp-content\/uploads\/2022\/10\/photo-events_PhotoDudau-600x408.webp",600,408,true],"woocommerce_single":["https:\/\/photographer.lu\/wp-content\/uploads\/2022\/10\/photo-events_PhotoDudau.webp",800,544,false],"woocommerce_gallery_thumbnail":["https:\/\/photographer.lu\/wp-content\/uploads\/2022\/10\/photo-events_PhotoDudau-120x120.webp",120,120,true],"jetpack-portfolio-admin-thumb":["https:\/\/photographer.lu\/wp-content\/uploads\/2022\/10\/photo-events_PhotoDudau-50x50.webp",50,50,true]},"post_excerpt_stackable_v2":"<p>Paiement de 1650 E, TVA incluse. Si vous devez payer 1650 euros pour un \u00e9v\u00e9nement ou un produit, vous pouvez payer ici avec diff\u00e9rentes m\u00e9thodes de paiement. Ajoutez au panier et passez \u00e0 la caisse pour le paiement.<\/p>\n<p><img decoding=\"async\" class=\"alignnone size-full wp-image-22578\" src=\"https:\/\/photographer.lu\/wp-content\/uploads\/2022\/10\/payment-methods-luxembourg.webp\" alt=\"les modes de paiement\" width=\"581\" height=\"40\" srcset=\"https:\/\/photographer.lu\/wp-content\/uploads\/2022\/10\/payment-methods-luxembourg.webp 581w, https:\/\/photographer.lu\/wp-content\/uploads\/2022\/10\/payment-methods-luxembourg-300x21.webp 300w, https:\/\/photographer.lu\/wp-content\/uploads\/2022\/10\/payment-methods-luxembourg-550x38.webp 550w\" sizes=\"(max-width: 581px) 100vw, 581px\" \/><\/p>\n<p>&nbsp;<\/p>\n","category_list_v2":"","author_info_v2":{"name":"","url":""},"comments_num_v2":"0 commentaire","acf":[],"jetpack_sharing_enabled":true,"_links":{"self":[{"href":"https:\/\/photographer.lu\/fr\/wp-json\/wp\/v2\/product\/35128","targetHints":{"allow":["GET"]}}],"collection":[{"href":"https:\/\/photographer.lu\/fr\/wp-json\/wp\/v2\/product"}],"about":[{"href":"https:\/\/photographer.lu\/fr\/wp-json\/wp\/v2\/types\/product"}],"replies":[{"embeddable":true,"href":"https:\/\/photographer.lu\/fr\/wp-json\/wp\/v2\/comments?post=35128"}],"wp:featuredmedia":[{"embeddable":true,"href":"https:\/\/photographer.lu\/fr\/wp-json\/wp\/v2\/media\/22032"}],"wp:attachment":[{"href":"https:\/\/photographer.lu\/fr\/wp-json\/wp\/v2\/media?parent=35128"}],"wp:term":[{"taxonomy":"product_brand","embeddable":true,"href":"https:\/\/photographer.lu\/fr\/wp-json\/wp\/v2\/product_brand?post=35128"},{"taxonomy":"product_cat","embeddable":true,"href":"https:\/\/photographer.lu\/fr\/wp-json\/wp\/v2\/product_cat?post=35128"},{"taxonomy":"product_tag","embeddable":true,"href":"https:\/\/photographer.lu\/fr\/wp-json\/wp\/v2\/product_tag?post=35128"}],"curies":[{"name":"wp","href":"https:\/\/api.w.org\/{rel}","templated":true}]}}